{"id":4298,"date":"2021-11-14T02:26:17","date_gmt":"2021-11-14T10:26:17","guid":{"rendered":"https:\/\/w4os.org\/w4os\/"},"modified":"2025-04-05T15:46:58","modified_gmt":"2025-04-05T22:46:58","slug":"w4os","status":"publish","type":"page","link":"https:\/\/w4os.org\/de\/","title":{"rendered":"W4OS"},"content":{"rendered":"\n<div class=\"wp-block-columns alignwide is-layout-flex wp-container-core-columns-is-layout-9d6595d7 wp-block-columns-is-layout-flex\">\n<div class=\"wp-block-column is-layout-flow wp-block-column-is-layout-flow\">\n<p><strong>W4OS<\/strong> ist ein <strong>WordPress-Plugin f\u00fcr <a rel=\"noreferrer noopener\" href=\"https:\/\/opensimulator.org\/\" target=\"_blank\">OpenSimulator-Grid-Management<\/a><\/strong>. Dort k\u00f6nnen sich die Nutzer f\u00fcr einen Avatar registrieren und ein Startoutfit w\u00e4hlen. Au\u00dferdem bietet es n\u00fctzliche Bl\u00f6cke, die auf jeder Seite, in Seitenleisten, Kopf- und Fu\u00dfzeilen (\u00fcber Shortcodes, Widgets oder Gutenberg-Bl\u00f6cke) angezeigt werden k\u00f6nnen.<\/p>\n\n\n\n<p>Es ist recht <a href=\"https:\/\/w4os.org\/de\/herunterladen\/\" data-type=\"page\" data-id=\"69\">einfach einz<\/a>urichten, so dass Sie innerhalb weniger Minuten neue Nutzer aufnehmen k\u00f6nnen.<\/p>\n\n\n\n<p>Das Projekt wird von <a rel=\"noreferrer noopener\" href=\"https:\/\/speculoos.world\/\" target=\"_blank\">Speculoos World<\/a> und <a rel=\"noreferrer noopener\" href=\"https:\/\/magiiic.com\/\" target=\"_blank\">Magiiic<\/a> gesponsert und entwickelt.<\/p>\n\n\n\n<div class=\"wp-block-group has-white-background-color has-background\"><div class=\"wp-block-group__inner-container is-layout-flow wp-block-group-is-layout-flow\">\n<h3 class=\"wp-block-heading\">W4OS-Projekt unterst\u00fctzen<\/h3>\n\n\n\n<p>Zum Zeitpunkt der Erstellung dieses Artikels umfasst dieses Plugin etwa 6000 Zeilen Code, 750 Commits, Hunderte von Stunden und Dutzende von schlaflosen N\u00e4chten&#8230; <strong>Die gute Nachricht: Sie k\u00f6nnen uns einen Kaffee<\/strong> (oder eine Kaffeemaschine) <strong>kaufen<\/strong>, um all diese harte Arbeit zu unterst\u00fctzen.<\/p>\n\n\n\n<div class=\"wp-block-group is-content-justification-center is-layout-flex wp-container-core-group-is-layout-aaa210a4 wp-block-group-is-layout-flex\" style=\"padding-top:var(--wp--preset--spacing--20);padding-bottom:var(--wp--preset--spacing--20)\">\n<figure class=\"wp-block-image is-resized\"><a href=\"https:\/\/www.buymeacoffee.com\/speculoos.world\" target=\"_blank\" rel=\"noreferrer noopener\"><img decoding=\"async\" src=\"https:\/\/cdn.buymeacoffee.com\/buttons\/v2\/default-yellow.png\" alt=\"\" style=\"width:auto;height:50px\"\/><\/a><\/figure>\n\n\n\n<figure class=\"wp-block-image is-resized\"><a href=\"https:\/\/opencollective.com\/speculoosworld\" target=\"_blank\" rel=\"noreferrer noopener\"><img decoding=\"async\" src=\"https:\/\/opencollective.com\/webpack\/donate\/button@2x.png?color=blue\" alt=\"\" style=\"width:310px;height:auto\"\/><\/a><\/figure>\n\n\n\n<figure class=\"wp-block-image is-resized\"><a href=\"https:\/\/magiiic.com\/support\/w4os.org\" target=\"_blank\" rel=\"noreferrer noopener\"><img decoding=\"async\" src=\"https:\/\/speculoos.world\/w\/wp-content\/uploads\/2025\/04\/magiiic-logo-v4-noslash.png\" alt=\"\" class=\"wp-image-15395\" style=\"object-fit:cover;width:187px;height:auto\"\/><\/a><\/figure>\n<\/div>\n<\/div><\/div>\n<\/div>\n\n\n\n<div class=\"wp-block-column has-yellow-background-color has-background is-layout-flow wp-block-column-is-layout-flow\" style=\"padding-top:0px;padding-right:20px;padding-bottom:0px;padding-left:20px\">\n<div class=\"wp-block-query is-layout-flow wp-block-query-is-layout-flow\"><ul class=\"wp-block-post-template is-layout-flow wp-block-post-template-is-layout-flow\"><li class=\"wp-block-post post-5922 post type-post status-publish format-standard has-post-thumbnail hentry category-news-de tag-helfer tag-opensimulator-de tag-v3-de tag-w4os-de entry\">\n<h2 class=\"wp-block-post-title\"><a href=\"https:\/\/w4os.org\/de\/news-de\/2025\/06\/ein-bisschen-magie-ist-im-kommen-%e2%9c%a8\/\" target=\"_self\" >Ein bisschen Magie ist im Kommen \u2728<\/a><\/h2>\n\n<figure class=\"alignwide wp-block-post-featured-image\"><a href=\"https:\/\/w4os.org\/de\/news-de\/2025\/06\/ein-bisschen-magie-ist-im-kommen-%e2%9c%a8\/\" target=\"_self\"  ><img loading=\"lazy\" decoding=\"async\" width=\"893\" height=\"668\" src=\"https:\/\/w4os.org\/wp-content\/uploads\/2025\/06\/helpers-v3-wizard-1.png\" class=\"attachment-post-thumbnail size-post-thumbnail wp-post-image\" alt=\"Ein bisschen Magie ist im Kommen \u2728\" style=\"width:100%;height:74.8%;max-width:893px;object-fit:cover;\" srcset=\"https:\/\/w4os.org\/wp-content\/uploads\/2025\/06\/helpers-v3-wizard-1.png 893w, https:\/\/w4os.org\/wp-content\/uploads\/2025\/06\/helpers-v3-wizard-1-300x224.png 300w, https:\/\/w4os.org\/wp-content\/uploads\/2025\/06\/helpers-v3-wizard-1-768x574.png 768w\" sizes=\"auto, (max-width: 893px) 100vw, 893px\" \/><\/a><\/figure>\n\n<div class=\"has-text-align-left wp-block-post-excerpt\"><p class=\"wp-block-post-excerpt__excerpt\"> <\/p><\/div>\n\n\n<hr class=\"wp-block-separator has-css-opacity\"\/>\n\n\n<div class=\"wp-block-post-date\"><time datetime=\"2025-06-13T20:38:16-07:00\">Juni 13, 2025<\/time><\/div>\n<\/li><\/ul><\/div>\n<\/div>\n<\/div>\n\n<div class=\"wp-block-columns alignwide is-layout-flex wp-container-core-columns-is-layout-9d6595d7 wp-block-columns-is-layout-flex\">\n<div class=\"wp-block-column is-layout-flow wp-block-column-is-layout-flow\">\n<h2 class=\"has-text-align-center wp-block-heading\">Stabile Version<\/h2>\n\n\n\n<figure class=\"wp-block-embed is-type-wp-embed is-provider-plugin-directory wp-block-embed-plugin-directory\"><div class=\"wp-block-embed__wrapper\">\n<blockquote class=\"wp-embedded-content\" data-secret=\"TAGkhXoEfq\"><a href=\"https:\/\/wordpress.org\/plugins\/w4os-opensimulator-web-interface\/\">w4os &#8211; OpenSimulator Web Interface<\/a><\/blockquote><iframe loading=\"lazy\" class=\"wp-embedded-content\" sandbox=\"allow-scripts\" security=\"restricted\" style=\"position: absolute; clip: rect(1px, 1px, 1px, 1px);\" title=\"&#8220;w4os &#8211; OpenSimulator Web Interface&#8221; &#8212; Plugin Directory\" src=\"https:\/\/wordpress.org\/plugins\/w4os-opensimulator-web-interface\/embed\/#?secret=If8ioGxG0Z#?secret=TAGkhXoEfq\" data-secret=\"TAGkhXoEfq\" width=\"600\" height=\"338\" frameborder=\"0\" marginwidth=\"0\" marginheight=\"0\" scrolling=\"no\"><\/iframe>\n<\/div><\/figure>\n<\/div>\n\n\n\n<div class=\"wp-block-column is-layout-flow wp-block-column-is-layout-flow\">\n<h2 class=\"has-text-align-center wp-block-heading\">Kandidat<\/h2>\n\n\n\n<div class=\"wp-block-buttons is-horizontal is-content-justification-center is-layout-flex wp-container-core-buttons-is-layout-499968f5 wp-block-buttons-is-layout-flex\">\n<div class=\"wp-block-button is-style-outline is-style-outline--1\"><a class=\"wp-block-button__link\" href=\"https:\/\/magiiic.com\/downloads\/w4os.zip\" target=\"_blank\" rel=\"noreferrer noopener\">Von Magiiic.com<\/a><\/div>\n<\/div>\n\n\n\n<p>Mit den neuesten Verbesserungen und Funktionen. Etwas nahe an der n\u00e4chsten stabilen Version, aber es k\u00f6nnten noch einige Bugs vorhanden sein.<\/p>\n<\/div>\n\n\n\n<div class=\"wp-block-column is-layout-flow wp-block-column-is-layout-flow\">\n<h2 class=\"has-text-align-center wp-block-heading\">Entwicklung<\/h2>\n\n\n\n<div class=\"wp-block-buttons is-horizontal is-content-justification-center is-layout-flex wp-container-core-buttons-is-layout-499968f5 wp-block-buttons-is-layout-flex\">\n<div class=\"wp-block-button is-style-outline is-style-outline--2\"><a class=\"wp-block-button__link\" href=\"https:\/\/github.com\/GuduleLapointe\/w4os\/\">Von GitHub<\/a><\/div>\n<\/div>\n\n\n\n<p>Die aktuelle, instabile Entwicklungsversion. Verwenden Sie es nicht in der Produktionsumgebung. Sie kann (und wird wahrscheinlich) Fehler oder noch nicht abgeschlossene Arbeiten enthalten.<\/p>\n<\/div>\n<\/div>\n\n<p><\/p>\n","protected":false},"excerpt":{"rendered":"<p>W4OS ist ein WordPress-Plugin f\u00fcr OpenSimulator-Grid-Management. Dort k\u00f6nnen sich die Nutzer f\u00fcr einen Avatar registrieren und ein Startoutfit w\u00e4hlen. Au\u00dferdem bietet es n\u00fctzliche Bl\u00f6cke, die auf jeder Seite, in Seitenleisten, Kopf- und Fu\u00dfzeilen (\u00fcber Shortcodes, Widgets oder Gutenberg-Bl\u00f6cke) angezeigt werden k\u00f6nnen. Es ist recht einfach einzurichten, so dass Sie innerhalb weniger Minuten neue Nutzer aufnehmen&hellip; <a class=\"more-link\" href=\"https:\/\/w4os.org\/de\/\"><span class=\"screen-reader-text\">W4OS<\/span> weiterlesen<\/a><\/p>\n","protected":false},"author":1,"featured_media":0,"parent":0,"menu_order":0,"comment_status":"closed","ping_status":"closed","template":"","meta":{"footnotes":""},"class_list":["post-4298","page","type-page","status-publish","hentry","entry"],"_links":{"self":[{"href":"https:\/\/w4os.org\/de\/wp-json\/wp\/v2\/pages\/4298","targetHints":{"allow":["GET"]}}],"collection":[{"href":"https:\/\/w4os.org\/de\/wp-json\/wp\/v2\/pages"}],"about":[{"href":"https:\/\/w4os.org\/de\/wp-json\/wp\/v2\/types\/page"}],"author":[{"embeddable":true,"href":"https:\/\/w4os.org\/de\/wp-json\/wp\/v2\/users\/1"}],"replies":[{"embeddable":true,"href":"https:\/\/w4os.org\/de\/wp-json\/wp\/v2\/comments?post=4298"}],"version-history":[{"count":6,"href":"https:\/\/w4os.org\/de\/wp-json\/wp\/v2\/pages\/4298\/revisions"}],"predecessor-version":[{"id":4909,"href":"https:\/\/w4os.org\/de\/wp-json\/wp\/v2\/pages\/4298\/revisions\/4909"}],"wp:attachment":[{"href":"https:\/\/w4os.org\/de\/wp-json\/wp\/v2\/media?parent=4298"}],"curies":[{"name":"wp","href":"https:\/\/api.w.org\/{rel}","templated":true}]}}