{"id":4360,"date":"2021-11-21T08:48:41","date_gmt":"2021-11-21T16:48:41","guid":{"rendered":"https:\/\/w4os.org\/herunterladen\/"},"modified":"2024-01-29T17:53:53","modified_gmt":"2024-01-30T01:53:53","slug":"herunterladen","status":"publish","type":"page","link":"https:\/\/w4os.org\/de\/herunterladen\/","title":{"rendered":"Herunterladen"},"content":{"rendered":"\n<div class=\"wp-block-columns alignwide is-layout-flex wp-container-core-columns-is-layout-9d6595d7 wp-block-columns-is-layout-flex\">\n<div class=\"wp-block-column is-layout-flow wp-block-column-is-layout-flow\" style=\"flex-basis:66.66%\">\n<p>W\u00e4hlen Sie eine der unten aufgef\u00fchrten Distributionen und <strong>folgen Sie<\/strong> dann <strong>den Anweisungen auf der <a href=\"https:\/\/w4os.org\/de\/herunterladen\/einrichtung\/\" data-type=\"page\" data-id=\"5564\">Installationsseite<\/a><\/strong>.<br\/><em>Wenn Sie nicht wissen, welche Version Sie w\u00e4hlen sollen, lautet die Antwort: die <strong>stabile Version<\/strong>.<\/em><\/p>\n\n\n\n<p>Hilfe finden Sie auf der <a href=\"https:\/\/w4os.org\/de\/herunterladen\/troubleshooting\/\" data-type=\"page\" data-id=\"5174\">Seite Fehlerbehebung<\/a>.<\/p>\n\n\n\n<p>Und \u00fcberpr\u00fcfen Sie die neuesten \u00c4nderungen auf der <a href=\"https:\/\/w4os.org\/de\/herunterladen\/aenderungsliste\/\" data-type=\"page\" data-id=\"58\">Changelog-Seite<\/a>.<\/p>\n<\/div>\n\n\n\n<div class=\"wp-block-column is-layout-flow wp-block-column-is-layout-flow\" style=\"flex-basis:33.33%\">\n<div class=\"wp-block-group has-white-background-color has-background\"><div class=\"wp-block-group__inner-container is-layout-flow wp-block-group-is-layout-flow\">\n<h3 class=\"wp-block-heading\">W4OS-Projekt unterst\u00fctzen<\/h3>\n\n\n\n<p>Zum Zeitpunkt der Erstellung dieses Artikels umfasst dieses Plugin etwa 6000 Zeilen Code, 750 Commits, Hunderte von Stunden und Dutzende von schlaflosen N\u00e4chten&#8230; <strong>Die gute Nachricht: Sie k\u00f6nnen uns einen Kaffee<\/strong> (oder eine Kaffeemaschine) <strong>kaufen<\/strong>, um all diese harte Arbeit zu unterst\u00fctzen.<\/p>\n\n\n\n<div class=\"wp-block-group is-content-justification-center is-layout-flex wp-container-core-group-is-layout-aaa210a4 wp-block-group-is-layout-flex\" style=\"padding-top:var(--wp--preset--spacing--20);padding-bottom:var(--wp--preset--spacing--20)\">\n<figure class=\"wp-block-image is-resized\"><a href=\"https:\/\/www.buymeacoffee.com\/speculoos.world\" target=\"_blank\" rel=\"noreferrer noopener\"><img decoding=\"async\" src=\"https:\/\/cdn.buymeacoffee.com\/buttons\/v2\/default-yellow.png\" alt=\"\" style=\"width:auto;height:50px\"\/><\/a><\/figure>\n\n\n\n<figure class=\"wp-block-image is-resized\"><a href=\"https:\/\/opencollective.com\/speculoosworld\" target=\"_blank\" rel=\"noreferrer noopener\"><img decoding=\"async\" src=\"https:\/\/opencollective.com\/webpack\/donate\/button@2x.png?color=blue\" alt=\"\" style=\"width:310px;height:auto\"\/><\/a><\/figure>\n\n\n\n<figure class=\"wp-block-image is-resized\"><a href=\"https:\/\/magiiic.com\/support\/w4os.org\" target=\"_blank\" rel=\"noreferrer noopener\"><img decoding=\"async\" src=\"https:\/\/speculoos.world\/w\/wp-content\/uploads\/2025\/04\/magiiic-logo-v4-noslash.png\" alt=\"\" class=\"wp-image-15395\" style=\"object-fit:cover;width:187px;height:auto\"\/><\/a><\/figure>\n<\/div>\n<\/div><\/div>\n<\/div>\n<\/div>\n\n<div class=\"wp-block-columns alignwide is-layout-flex wp-container-core-columns-is-layout-9d6595d7 wp-block-columns-is-layout-flex\">\n<div class=\"wp-block-column is-layout-flow wp-block-column-is-layout-flow\">\n<h2 class=\"wp-block-heading has-text-align-center\">Stabile Version<\/h2>\n\n\n\n<figure class=\"wp-block-embed is-type-wp-embed is-provider-plugin-directory wp-block-embed-plugin-directory\"><div class=\"wp-block-embed__wrapper\">\n<blockquote class=\"wp-embedded-content\" data-secret=\"7WaizY7wze\"><a href=\"https:\/\/wordpress.org\/plugins\/w4os-opensimulator-web-interface\/\">w4os &#8211; OpenSimulator Web Interface<\/a><\/blockquote><iframe loading=\"lazy\" class=\"wp-embedded-content\" sandbox=\"allow-scripts\" security=\"restricted\" style=\"position: absolute; clip: rect(1px, 1px, 1px, 1px);\" title=\"&#8220;w4os &#8211; OpenSimulator Web Interface&#8221; &#8212; Plugin Directory\" src=\"https:\/\/wordpress.org\/plugins\/w4os-opensimulator-web-interface\/embed\/#?secret=E5MJPVxjDG#?secret=7WaizY7wze\" data-secret=\"7WaizY7wze\" width=\"600\" height=\"338\" frameborder=\"0\" marginwidth=\"0\" marginheight=\"0\" scrolling=\"no\"><\/iframe>\n<\/div><\/figure>\n<\/div>\n\n\n\n<div class=\"wp-block-column is-layout-flow wp-block-column-is-layout-flow\">\n<h2 class=\"wp-block-heading has-text-align-center\">Kandidat<\/h2>\n\n\n\n<div class=\"wp-block-buttons is-horizontal is-content-justification-center is-layout-flex wp-container-core-buttons-is-layout-499968f5 wp-block-buttons-is-layout-flex\">\n<div class=\"wp-block-button is-style-outline is-style-outline--1\"><a class=\"wp-block-button__link wp-element-button\" href=\"https:\/\/magiiic.com\/downloads\/w4os.zip\" target=\"_blank\" rel=\"noreferrer noopener\">Von Magiiic.com<\/a><\/div>\n<\/div>\n\n\n\n<p>Mit den neuesten Verbesserungen und Funktionen. Etwas nahe an der n\u00e4chsten stabilen Version, aber es k\u00f6nnten noch einige Bugs vorhanden sein.<\/p>\n<\/div>\n\n\n\n<div class=\"wp-block-column is-layout-flow wp-block-column-is-layout-flow\">\n<h2 class=\"wp-block-heading has-text-align-center\">Entwicklung<\/h2>\n\n\n\n<div class=\"wp-block-buttons is-horizontal is-content-justification-center is-layout-flex wp-container-core-buttons-is-layout-499968f5 wp-block-buttons-is-layout-flex\">\n<div class=\"wp-block-button is-style-outline is-style-outline--2\"><a class=\"wp-block-button__link wp-element-button\" href=\"https:\/\/github.com\/GuduleLapointe\/w4os\/\">Von GitHub<\/a><\/div>\n<\/div>\n\n\n\n<p>Die aktuelle, instabile Entwicklungsversion. Verwenden Sie es nicht in der Produktionsumgebung. Sie kann (und wird wahrscheinlich) Fehler oder noch nicht abgeschlossene Arbeiten enthalten.<\/p>\n<\/div>\n<\/div>\n","protected":false},"excerpt":{"rendered":"<p>W\u00e4hlen Sie eine der unten aufgef\u00fchrten Distributionen und folgen Sie dann den Anweisungen auf der Installationsseite.Wenn Sie nicht wissen, welche Version Sie w\u00e4hlen sollen, lautet die Antwort: die stabile Version. Hilfe finden Sie auf der Seite Fehlerbehebung. Und \u00fcberpr\u00fcfen Sie die neuesten \u00c4nderungen auf der Changelog-Seite. Stabile Version Kandidat Mit den neuesten Verbesserungen und Funktionen.&hellip; <a class=\"more-link\" href=\"https:\/\/w4os.org\/de\/herunterladen\/\"><span class=\"screen-reader-text\">Herunterladen<\/span> weiterlesen<\/a><\/p>\n","protected":false},"author":1,"featured_media":0,"parent":0,"menu_order":0,"comment_status":"closed","ping_status":"closed","template":"","meta":{"footnotes":""},"class_list":["post-4360","page","type-page","status-publish","hentry","entry"],"_links":{"self":[{"href":"https:\/\/w4os.org\/de\/wp-json\/wp\/v2\/pages\/4360","targetHints":{"allow":["GET"]}}],"collection":[{"href":"https:\/\/w4os.org\/de\/wp-json\/wp\/v2\/pages"}],"about":[{"href":"https:\/\/w4os.org\/de\/wp-json\/wp\/v2\/types\/page"}],"author":[{"embeddable":true,"href":"https:\/\/w4os.org\/de\/wp-json\/wp\/v2\/users\/1"}],"replies":[{"embeddable":true,"href":"https:\/\/w4os.org\/de\/wp-json\/wp\/v2\/comments?post=4360"}],"version-history":[{"count":6,"href":"https:\/\/w4os.org\/de\/wp-json\/wp\/v2\/pages\/4360\/revisions"}],"predecessor-version":[{"id":5599,"href":"https:\/\/w4os.org\/de\/wp-json\/wp\/v2\/pages\/4360\/revisions\/5599"}],"wp:attachment":[{"href":"https:\/\/w4os.org\/de\/wp-json\/wp\/v2\/media?parent=4360"}],"curies":[{"name":"wp","href":"https:\/\/api.w.org\/{rel}","templated":true}]}}