{"id":4425,"date":"2021-11-14T02:26:17","date_gmt":"2021-11-14T10:26:17","guid":{"rendered":"https:\/\/w4os.org\/ueber\/"},"modified":"2022-02-13T14:54:34","modified_gmt":"2022-02-13T22:54:34","slug":"ueber","status":"publish","type":"page","link":"https:\/\/w4os.org\/de\/ueber\/","title":{"rendered":"Eigenschaften"},"content":{"rendered":"\n<p>Dieses Plugin befindet sich noch in der Entwicklung. Eine aktuelle Liste der aktuellen Funktionen und die Roadmap finden Sie <a href=\"https:\/\/github.com\/GuduleLapointe\/w4os\/\" target=\"_blank\" rel=\"noreferrer noopener\">im Github-Repository<\/a>.<\/p>\n\n<ul class=\"wp-block-list\"><li><strong>Shortcodes, Bl\u00f6cke und Dashboard-Widgets<\/strong>:<ul><li>Rasterdaten<\/li><li>Status des Netzes<\/li><li>Rasterprofil<\/li><li>Beliebte Orte<\/li><li>Web-Suchseite <em>(demn\u00e4chst)<\/em><\/li><\/ul><\/li><li><strong>Avatar-Erstellung<\/strong>:<ul><li><strong>Anmeldeformular f\u00fcr Avatare<\/strong><\/li><li><strong>Avatar-Modelle<\/strong>, die es neuen Nutzern erm\u00f6glichen, ihr erstes Aussehen zu w\u00e4hlen<\/li><\/ul><\/li><li><strong>Helpers<\/strong>, die web-seitigen Erg\u00e4nzungen, die ben\u00f6tigt werden, damit OpenSimulator seine volle Leistung entfalten kann:<ul><li><strong>Suchmaschine<\/strong>, einschlie\u00dflich Orte, Grundst\u00fccke zum Verkauf und Veranstaltungen<\/li><li><strong>Offline-Nachrichten<\/strong>, einschlie\u00dflich der Option &#8222;Weiterleiten an E-Mail<\/li><li><strong>Web-Asset-Server<\/strong>: das fehlende Bindeglied zwischen Bildern in der Welt und einer Webseite<\/li><li><strong>Wirtschaft<\/strong>, f\u00fcr die Integration mit W\u00e4hrungsanbietern wie Podex, Gloebit oder selbst erstelltem (gef\u00e4lschtem oder echtem) Geld<\/li><\/ul><\/li><li><strong>OpenSimulator-Einstellungsseite<\/strong>:<ul><li>Grid-Name, Login-URI und Datenbankverbindungseinstellungen<\/li><li>Benennungsschema der Standardmodelle<\/li><li>Modelle aus den Gitterstatistiken ausschlie\u00dfen<\/li><li>Aktivierung\/Deaktivierung von Helfern und Einstellungen<\/li><\/ul><\/li><\/ul>\n","protected":false},"excerpt":{"rendered":"<p>Dieses Plugin befindet sich noch in der Entwicklung. Eine aktuelle Liste der aktuellen Funktionen und die Roadmap finden Sie im Github-Repository. Shortcodes, Bl\u00f6cke und Dashboard-Widgets: Rasterdaten Status des Netzes Rasterprofil Beliebte Orte Web-Suchseite (demn\u00e4chst) Avatar-Erstellung: Anmeldeformular f\u00fcr Avatare Avatar-Modelle, die es neuen Nutzern erm\u00f6glichen, ihr erstes Aussehen zu w\u00e4hlen Helpers, die web-seitigen Erg\u00e4nzungen, die ben\u00f6tigt&hellip; <a class=\"more-link\" href=\"https:\/\/w4os.org\/de\/ueber\/\"><span class=\"screen-reader-text\">Eigenschaften<\/span> weiterlesen<\/a><\/p>\n","protected":false},"author":1,"featured_media":0,"parent":0,"menu_order":0,"comment_status":"closed","ping_status":"closed","template":"","meta":{"footnotes":""},"class_list":["post-4425","page","type-page","status-publish","hentry","entry"],"_links":{"self":[{"href":"https:\/\/w4os.org\/de\/wp-json\/wp\/v2\/pages\/4425","targetHints":{"allow":["GET"]}}],"collection":[{"href":"https:\/\/w4os.org\/de\/wp-json\/wp\/v2\/pages"}],"about":[{"href":"https:\/\/w4os.org\/de\/wp-json\/wp\/v2\/types\/page"}],"author":[{"embeddable":true,"href":"https:\/\/w4os.org\/de\/wp-json\/wp\/v2\/users\/1"}],"replies":[{"embeddable":true,"href":"https:\/\/w4os.org\/de\/wp-json\/wp\/v2\/comments?post=4425"}],"version-history":[{"count":11,"href":"https:\/\/w4os.org\/de\/wp-json\/wp\/v2\/pages\/4425\/revisions"}],"predecessor-version":[{"id":4750,"href":"https:\/\/w4os.org\/de\/wp-json\/wp\/v2\/pages\/4425\/revisions\/4750"}],"wp:attachment":[{"href":"https:\/\/w4os.org\/de\/wp-json\/wp\/v2\/media?parent=4425"}],"curies":[{"name":"wp","href":"https:\/\/api.w.org\/{rel}","templated":true}]}}