{"id":5765,"date":"2024-12-07T10:57:49","date_gmt":"2024-12-07T18:57:49","guid":{"rendered":"https:\/\/w4os.org\/sicherheit\/"},"modified":"2024-12-07T11:12:01","modified_gmt":"2024-12-07T19:12:01","slug":"sicherheit","status":"publish","type":"page","link":"https:\/\/w4os.org\/de\/sicherheit\/","title":{"rendered":"Sicherheit"},"content":{"rendered":"\n<p>Wenn Sie Ihr Grid und Ihre Website mit dem w4os-Plugin verbinden, entstehen keine Sicherheitsl\u00fccken. Hier sind einige wichtige \u00dcberlegungen, um die Sicherheit Ihrer Struktur zu optimieren.<\/p>\n\n<ol class=\"wp-block-list\">\n<li>Stellen Sie sicher, dass Sie <strong>immer die neueste WordPress-Version verwenden<\/strong> und <strong>nur das SSL-Protokoll zulassen<\/strong> (beides allgemeine Regeln f\u00fcr jedes CMS).<\/li>\n\n\n\n<li>Achten Sie darauf, <strong>den Zugriff auf Ihre Datenbank zu sch\u00fctzen<\/strong> (auch das ist eine allgemeine Regel). Verwenden Sie Firewall- und Datenbankserverregeln, um den Zugriff nur von Ihrem Simulator und Ihrer Website aus zuzulassen.<\/li>\n\n\n\n<li>WordPress verf\u00fcgt \u00fcber einige interne Schutzmechanismen, aber <strong>ein Sicherheits-Plugin ist sehr empfehlenswert<\/strong>, wie z.B. die kostenlose Version von <a href=\"https:\/\/wordpress.org\/plugins\/wordfence\/\">WordFence<\/a>, die mit einer Firewall und einer effizienten Erkennung von Einbruchsversuchen eine hervorragende Schutzschicht bildet.<\/li>\n\n\n\n<li>Nur Ihre eigene WordPress-Website erh\u00e4lt \u00fcber ihr lokales w4os-Plugin direkten Zugriff auf die Grid-Datenbank.\n<ul class=\"wp-block-list\">\n<li>Unsere Websites (w4os.org und 2do.directory) greifen weder auf Ihre OpenSimulator-Datenbank noch auf die privaten Ports Ihrer OpenSimulator-Dienste zu.<\/li>\n\n\n\n<li>w4os.org sammelt \u00fcberhaupt keine Daten<\/li>\n\n\n\n<li>Wenn Sie sich f\u00fcr die gemeinsame Suchmaschine 2do.directory entscheiden, werden nur die f\u00fcr die Suche erforderlichen \u00f6ffentlichen Daten von Ihrem Server mit den Standardfunktionen von OpenSimulator an den Verzeichnisdienst gesendet (Name der Region, Adresse, Beschreibung, Veranstaltungsdaten und -ort&#8230;).<\/li>\n<\/ul>\n<\/li>\n\n\n\n<li>Die von dem Plugin empfangenen oder gesammelten Gitter- und Simulatordaten werden durch Filter geleitet, um sicherzustellen, dass sie keine versteckten sch\u00e4dlichen Anweisungen enthalten, die die Sicherheit der Website gef\u00e4hrden k\u00f6nnten.<\/li>\n<\/ol>\n\n<p><em><strong>Denken Sie immer daran,<\/strong> dass in der aktuellen Version von OpenSimulator Ihr Netz selbst das schwache Glied in einem Netz\/Website-Paar ist&#8230; Die Aktivierung von SSL auf dem Netz und den Simulatoren wird die Sicherheit bereits verbessern, aber nicht absolut machen.<\/em><\/p>\n","protected":false},"excerpt":{"rendered":"<p>Wenn Sie Ihr Grid und Ihre Website mit dem w4os-Plugin verbinden, entstehen keine Sicherheitsl\u00fccken. Hier sind einige wichtige \u00dcberlegungen, um die Sicherheit Ihrer Struktur zu optimieren. Denken Sie immer daran, dass in der aktuellen Version von OpenSimulator Ihr Netz selbst das schwache Glied in einem Netz\/Website-Paar ist&#8230; Die Aktivierung von SSL auf dem Netz und&hellip; <a class=\"more-link\" href=\"https:\/\/w4os.org\/de\/sicherheit\/\"><span class=\"screen-reader-text\">Sicherheit<\/span> weiterlesen<\/a><\/p>\n","protected":false},"author":869,"featured_media":0,"parent":0,"menu_order":0,"comment_status":"closed","ping_status":"closed","template":"","meta":{"footnotes":""},"class_list":["post-5765","page","type-page","status-publish","hentry","entry"],"_links":{"self":[{"href":"https:\/\/w4os.org\/de\/wp-json\/wp\/v2\/pages\/5765","targetHints":{"allow":["GET"]}}],"collection":[{"href":"https:\/\/w4os.org\/de\/wp-json\/wp\/v2\/pages"}],"about":[{"href":"https:\/\/w4os.org\/de\/wp-json\/wp\/v2\/types\/page"}],"author":[{"embeddable":true,"href":"https:\/\/w4os.org\/de\/wp-json\/wp\/v2\/users\/869"}],"replies":[{"embeddable":true,"href":"https:\/\/w4os.org\/de\/wp-json\/wp\/v2\/comments?post=5765"}],"version-history":[{"count":2,"href":"https:\/\/w4os.org\/de\/wp-json\/wp\/v2\/pages\/5765\/revisions"}],"predecessor-version":[{"id":5778,"href":"https:\/\/w4os.org\/de\/wp-json\/wp\/v2\/pages\/5765\/revisions\/5778"}],"wp:attachment":[{"href":"https:\/\/w4os.org\/de\/wp-json\/wp\/v2\/media?parent=5765"}],"curies":[{"name":"wp","href":"https:\/\/api.w.org\/{rel}","templated":true}]}}