{"id":4296,"date":"2021-11-14T02:26:17","date_gmt":"2021-11-14T10:26:17","guid":{"rendered":"https:\/\/w4os.org\/w4os\/"},"modified":"2025-04-05T15:46:58","modified_gmt":"2025-04-05T22:46:58","slug":"w4os","status":"publish","type":"page","link":"https:\/\/w4os.org\/fr\/","title":{"rendered":"W4OS"},"content":{"rendered":"\n<div class=\"wp-block-columns alignwide is-layout-flex wp-container-core-columns-is-layout-9d6595d7 wp-block-columns-is-layout-flex\">\n<div class=\"wp-block-column is-layout-flow wp-block-column-is-layout-flow\">\n<p><strong>W4OS<\/strong> est une <strong>extension WordPress pour la gestion de grilles <a rel=\"noreferrer noopener\" href=\"https:\/\/opensimulator.org\/\" target=\"_blank\">OpenSimulator<\/a><\/strong>. Il permet aux utilisateurs d&rsquo;enregistrer leur avatar et de choisir une apparence de d\u00e9part. Elle fournit \u00e9galement des blocs qui peuvent \u00eatre affich\u00e9s sur toutes les pages, les barres lat\u00e9rales, les en-t\u00eates et les pieds de page (via des shortcodes, des widgets ou des blocs Gutenberg).<\/p>\n\n\n\n<p>Elle est plut\u00f4t <a href=\"https:\/\/w4os.org\/fr\/telecharger\/\" data-type=\"page\" data-id=\"69\">facile \u00e0 configurer<\/a>, pour vous permettre de commencer \u00e0 accepter de nouveaux utilisateurs en quelques minutes.<\/p>\n\n\n\n<p>Le projet est parrain\u00e9 et d\u00e9velopp\u00e9 par <a rel=\"noreferrer noopener\" href=\"https:\/\/speculoos.world\/\" target=\"_blank\">Speculoos World<\/a> et <a rel=\"noreferrer noopener\" href=\"https:\/\/magiiic.com\/\" target=\"_blank\">Magiiic<\/a>.<\/p>\n\n\n\n<div class=\"wp-block-group has-white-background-color has-background\"><div class=\"wp-block-group__inner-container is-layout-flow wp-block-group-is-layout-flow\">\n<h3 class=\"wp-block-heading\">Soutenir le projet W4OS<\/h3>\n\n\n\n<p>Au moment o\u00f9 j&rsquo;\u00e9cris ces lignes, ce plugin repr\u00e9sente environ 6000 lignes de code, 750 commits, des centaines d&rsquo;heures et des dizaines de nuits blanches&#8230; <strong>Bonne nouvelle : vous pouvez nous offrir un caf\u00e9<\/strong> (ou une machine \u00e0 caf\u00e9) pour soutenir tout ce travail.<\/p>\n\n\n\n<div class=\"wp-block-group is-content-justification-center is-layout-flex wp-container-core-group-is-layout-aaa210a4 wp-block-group-is-layout-flex\" style=\"padding-top:var(--wp--preset--spacing--20);padding-bottom:var(--wp--preset--spacing--20)\">\n<figure class=\"wp-block-image is-resized\"><a href=\"https:\/\/www.buymeacoffee.com\/speculoos.world\" target=\"_blank\" rel=\"noreferrer noopener\"><img decoding=\"async\" src=\"https:\/\/cdn.buymeacoffee.com\/buttons\/v2\/default-yellow.png\" alt=\"\" style=\"width:auto;height:50px\"\/><\/a><\/figure>\n\n\n\n<figure class=\"wp-block-image is-resized\"><a href=\"https:\/\/opencollective.com\/speculoosworld\" target=\"_blank\" rel=\"noreferrer noopener\"><img decoding=\"async\" src=\"https:\/\/opencollective.com\/webpack\/donate\/button@2x.png?color=blue\" alt=\"\" style=\"width:310px;height:auto\"\/><\/a><\/figure>\n\n\n\n<figure class=\"wp-block-image is-resized\"><a href=\"https:\/\/magiiic.com\/support\/w4os.org\" target=\"_blank\" rel=\"noreferrer noopener\"><img decoding=\"async\" src=\"https:\/\/speculoos.world\/w\/wp-content\/uploads\/2025\/04\/magiiic-logo-v4-noslash.png\" alt=\"\" class=\"wp-image-15395\" style=\"object-fit:cover;width:187px;height:auto\"\/><\/a><\/figure>\n<\/div>\n<\/div><\/div>\n<\/div>\n\n\n\n<div class=\"wp-block-column has-yellow-background-color has-background is-layout-flow wp-block-column-is-layout-flow\" style=\"padding-top:0px;padding-right:20px;padding-bottom:0px;padding-left:20px\">\n<div class=\"wp-block-query is-layout-flow wp-block-query-is-layout-flow\"><ul class=\"wp-block-post-template is-layout-flow wp-block-post-template-is-layout-flow\"><li class=\"wp-block-post post-5916 post type-post status-publish format-standard has-post-thumbnail hentry category-news-fr tag-aides tag-opensimulator-fr tag-v3-fr tag-w4os-fr entry\">\n<h2 class=\"wp-block-post-title\"><a href=\"https:\/\/w4os.org\/fr\/news-fr\/2025\/06\/de-la-magie-a-venir-%e2%9c%a8\/\" target=\"_self\" >Il y a de la magie dans l&rsquo;air \u2728<\/a><\/h2>\n\n<figure class=\"alignwide wp-block-post-featured-image\"><a href=\"https:\/\/w4os.org\/fr\/news-fr\/2025\/06\/de-la-magie-a-venir-%e2%9c%a8\/\" target=\"_self\"  ><img loading=\"lazy\" decoding=\"async\" width=\"893\" height=\"668\" src=\"https:\/\/w4os.org\/wp-content\/uploads\/2025\/06\/helpers-v3-wizard-1.png\" class=\"attachment-post-thumbnail size-post-thumbnail wp-post-image\" alt=\"Il y a de la magie dans l&rsquo;air \u2728\" style=\"width:100%;height:74.8%;max-width:893px;object-fit:cover;\" srcset=\"https:\/\/w4os.org\/wp-content\/uploads\/2025\/06\/helpers-v3-wizard-1.png 893w, https:\/\/w4os.org\/wp-content\/uploads\/2025\/06\/helpers-v3-wizard-1-300x224.png 300w, https:\/\/w4os.org\/wp-content\/uploads\/2025\/06\/helpers-v3-wizard-1-768x574.png 768w\" sizes=\"auto, (max-width: 893px) 100vw, 893px\" \/><\/a><\/figure>\n\n<div class=\"has-text-align-left wp-block-post-excerpt\"><p class=\"wp-block-post-excerpt__excerpt\"> <\/p><\/div>\n\n\n<hr class=\"wp-block-separator has-css-opacity\"\/>\n\n\n<div class=\"wp-block-post-date\"><time datetime=\"2025-06-13T20:38:16-07:00\">juin 13, 2025<\/time><\/div>\n<\/li><\/ul><\/div>\n<\/div>\n<\/div>\n\n<div class=\"wp-block-columns alignwide is-layout-flex wp-container-core-columns-is-layout-9d6595d7 wp-block-columns-is-layout-flex\">\n<div class=\"wp-block-column is-layout-flow wp-block-column-is-layout-flow\">\n<h2 class=\"has-text-align-center wp-block-heading\">Version stable<\/h2>\n\n\n\n<figure class=\"wp-block-embed is-type-wp-embed is-provider-plugin-directory wp-block-embed-plugin-directory\"><div class=\"wp-block-embed__wrapper\">\n<blockquote class=\"wp-embedded-content\" data-secret=\"Lo8It8KTvJ\"><a href=\"https:\/\/wordpress.org\/plugins\/w4os-opensimulator-web-interface\/\">w4os &#8211; OpenSimulator Web Interface<\/a><\/blockquote><iframe loading=\"lazy\" class=\"wp-embedded-content\" sandbox=\"allow-scripts\" security=\"restricted\" style=\"position: absolute; clip: rect(1px, 1px, 1px, 1px);\" title=\"&#8220;w4os &#8211; OpenSimulator Web Interface&#8221; &#8212; Plugin Directory\" src=\"https:\/\/wordpress.org\/plugins\/w4os-opensimulator-web-interface\/embed\/#?secret=MLjFsIlSD7#?secret=Lo8It8KTvJ\" data-secret=\"Lo8It8KTvJ\" width=\"600\" height=\"338\" frameborder=\"0\" marginwidth=\"0\" marginheight=\"0\" scrolling=\"no\"><\/iframe>\n<\/div><\/figure>\n<\/div>\n\n\n\n<div class=\"wp-block-column is-layout-flow wp-block-column-is-layout-flow\">\n<h2 class=\"has-text-align-center wp-block-heading\">Release Candidate<\/h2>\n\n\n\n<div class=\"wp-block-buttons is-horizontal is-content-justification-center is-layout-flex wp-container-core-buttons-is-layout-499968f5 wp-block-buttons-is-layout-flex\">\n<div class=\"wp-block-button is-style-outline is-style-outline--1\"><a class=\"wp-block-button__link\" href=\"https:\/\/magiiic.com\/downloads\/w4os.zip\" target=\"_blank\" rel=\"noreferrer noopener\">Sur Magiiic.com<\/a><\/div>\n<\/div>\n\n\n\n<p>Avec les am\u00e9liorations et les fonctionnalit\u00e9s les plus r\u00e9centes. Quelque chose de proche de la prochaine version stable, mais il pourrait rester quelques bogues.<\/p>\n<\/div>\n\n\n\n<div class=\"wp-block-column is-layout-flow wp-block-column-is-layout-flow\">\n<h2 class=\"has-text-align-center wp-block-heading\">D\u00e9veloppement<\/h2>\n\n\n\n<div class=\"wp-block-buttons is-horizontal is-content-justification-center is-layout-flex wp-container-core-buttons-is-layout-499968f5 wp-block-buttons-is-layout-flex\">\n<div class=\"wp-block-button is-style-outline is-style-outline--2\"><a class=\"wp-block-button__link\" href=\"https:\/\/github.com\/GuduleLapointe\/w4os\/\">Sur GitHub<\/a><\/div>\n<\/div>\n\n\n\n<p>Le d\u00e9veloppement actuel, la version instable. Ne l&rsquo;utilisez pas dans un environnement de production. Vraiment. Elle peut contenir (et contient probablement) des bogues ou du travail incomplet.<\/p>\n<\/div>\n<\/div>\n\n<p><\/p>\n","protected":false},"excerpt":{"rendered":"<p>W4OS est une extension WordPress pour la gestion de grilles OpenSimulator. Il permet aux utilisateurs d&rsquo;enregistrer leur avatar et de choisir une apparence de d\u00e9part. Elle fournit \u00e9galement des blocs qui peuvent \u00eatre affich\u00e9s sur toutes les pages, les barres lat\u00e9rales, les en-t\u00eates et les pieds de page (via des shortcodes, des widgets ou des&hellip; <a class=\"more-link\" href=\"https:\/\/w4os.org\/fr\/\">Poursuivre la lecture <span class=\"screen-reader-text\">W4OS<\/span><\/a><\/p>\n","protected":false},"author":1,"featured_media":0,"parent":0,"menu_order":0,"comment_status":"closed","ping_status":"closed","template":"","meta":{"footnotes":""},"class_list":["post-4296","page","type-page","status-publish","hentry","entry"],"_links":{"self":[{"href":"https:\/\/w4os.org\/fr\/wp-json\/wp\/v2\/pages\/4296","targetHints":{"allow":["GET"]}}],"collection":[{"href":"https:\/\/w4os.org\/fr\/wp-json\/wp\/v2\/pages"}],"about":[{"href":"https:\/\/w4os.org\/fr\/wp-json\/wp\/v2\/types\/page"}],"author":[{"embeddable":true,"href":"https:\/\/w4os.org\/fr\/wp-json\/wp\/v2\/users\/1"}],"replies":[{"embeddable":true,"href":"https:\/\/w4os.org\/fr\/wp-json\/wp\/v2\/comments?post=4296"}],"version-history":[{"count":11,"href":"https:\/\/w4os.org\/fr\/wp-json\/wp\/v2\/pages\/4296\/revisions"}],"predecessor-version":[{"id":5869,"href":"https:\/\/w4os.org\/fr\/wp-json\/wp\/v2\/pages\/4296\/revisions\/5869"}],"wp:attachment":[{"href":"https:\/\/w4os.org\/fr\/wp-json\/wp\/v2\/media?parent=4296"}],"curies":[{"name":"wp","href":"https:\/\/api.w.org\/{rel}","templated":true}]}}