{"id":4340,"date":"2021-11-21T08:48:41","date_gmt":"2021-11-21T16:48:41","guid":{"rendered":"https:\/\/w4os.org\/telecharger\/"},"modified":"2024-01-29T17:53:53","modified_gmt":"2024-01-30T01:53:53","slug":"telecharger","status":"publish","type":"page","link":"https:\/\/w4os.org\/fr\/telecharger\/","title":{"rendered":"T\u00e9l\u00e9charger"},"content":{"rendered":"\n<div class=\"wp-block-columns alignwide is-layout-flex wp-container-core-columns-is-layout-9d6595d7 wp-block-columns-is-layout-flex\">\n<div class=\"wp-block-column is-layout-flow wp-block-column-is-layout-flow\" style=\"flex-basis:66.66%\">\n<p>Choisissez l&rsquo;une des distributions ci-dessous, puis <strong>suivez les instructions de la <a href=\"https:\/\/w4os.org\/fr\/telecharger\/installation\/\" data-type=\"page\" data-id=\"5564\">page d&rsquo;installation<\/a><\/strong>.<br\/><em>Si vous ne savez pas laquelle choisir, la r\u00e9ponse est la <strong>version stable<\/strong>.<\/em><\/p>\n\n\n\n<p>Vous pouvez obtenir de l&rsquo;aide sur la <a href=\"https:\/\/w4os.org\/fr\/telecharger\/troubleshooting\/\" data-type=\"page\" data-id=\"5174\">page D\u00e9pannage<\/a>.<\/p>\n\n\n\n<p>Et v\u00e9rifiez les derniers changements sur la <a href=\"https:\/\/w4os.org\/fr\/telecharger\/changelog\/\" data-type=\"page\" data-id=\"58\">page Changelog<\/a>.<\/p>\n<\/div>\n\n\n\n<div class=\"wp-block-column is-layout-flow wp-block-column-is-layout-flow\" style=\"flex-basis:33.33%\">\n<div class=\"wp-block-group has-white-background-color has-background\"><div class=\"wp-block-group__inner-container is-layout-flow wp-block-group-is-layout-flow\">\n<h3 class=\"wp-block-heading\">Soutenir le projet W4OS<\/h3>\n\n\n\n<p>Au moment o\u00f9 j&rsquo;\u00e9cris ces lignes, ce plugin repr\u00e9sente environ 6000 lignes de code, 750 commits, des centaines d&rsquo;heures et des dizaines de nuits blanches&#8230; <strong>Bonne nouvelle : vous pouvez nous offrir un caf\u00e9<\/strong> (ou une machine \u00e0 caf\u00e9) pour soutenir tout ce travail.<\/p>\n\n\n\n<div class=\"wp-block-group is-content-justification-center is-layout-flex wp-container-core-group-is-layout-aaa210a4 wp-block-group-is-layout-flex\" style=\"padding-top:var(--wp--preset--spacing--20);padding-bottom:var(--wp--preset--spacing--20)\">\n<figure class=\"wp-block-image is-resized\"><a href=\"https:\/\/www.buymeacoffee.com\/speculoos.world\" target=\"_blank\" rel=\"noreferrer noopener\"><img decoding=\"async\" src=\"https:\/\/cdn.buymeacoffee.com\/buttons\/v2\/default-yellow.png\" alt=\"\" style=\"width:auto;height:50px\"\/><\/a><\/figure>\n\n\n\n<figure class=\"wp-block-image is-resized\"><a href=\"https:\/\/opencollective.com\/speculoosworld\" target=\"_blank\" rel=\"noreferrer noopener\"><img decoding=\"async\" src=\"https:\/\/opencollective.com\/webpack\/donate\/button@2x.png?color=blue\" alt=\"\" style=\"width:310px;height:auto\"\/><\/a><\/figure>\n\n\n\n<figure class=\"wp-block-image is-resized\"><a href=\"https:\/\/magiiic.com\/support\/w4os.org\" target=\"_blank\" rel=\"noreferrer noopener\"><img decoding=\"async\" src=\"https:\/\/speculoos.world\/w\/wp-content\/uploads\/2025\/04\/magiiic-logo-v4-noslash.png\" alt=\"\" class=\"wp-image-15395\" style=\"object-fit:cover;width:187px;height:auto\"\/><\/a><\/figure>\n<\/div>\n<\/div><\/div>\n<\/div>\n<\/div>\n\n<div class=\"wp-block-columns alignwide is-layout-flex wp-container-core-columns-is-layout-9d6595d7 wp-block-columns-is-layout-flex\">\n<div class=\"wp-block-column is-layout-flow wp-block-column-is-layout-flow\">\n<h2 class=\"wp-block-heading has-text-align-center\">Version stable<\/h2>\n\n\n\n<figure class=\"wp-block-embed is-type-wp-embed is-provider-plugin-directory wp-block-embed-plugin-directory\"><div class=\"wp-block-embed__wrapper\">\n<blockquote class=\"wp-embedded-content\" data-secret=\"lFbRn8m4ZA\"><a href=\"https:\/\/wordpress.org\/plugins\/w4os-opensimulator-web-interface\/\">w4os &#8211; OpenSimulator Web Interface<\/a><\/blockquote><iframe loading=\"lazy\" class=\"wp-embedded-content\" sandbox=\"allow-scripts\" security=\"restricted\" style=\"position: absolute; clip: rect(1px, 1px, 1px, 1px);\" title=\"&#8220;w4os &#8211; OpenSimulator Web Interface&#8221; &#8212; Plugin Directory\" src=\"https:\/\/wordpress.org\/plugins\/w4os-opensimulator-web-interface\/embed\/#?secret=3QatpW58Kc#?secret=lFbRn8m4ZA\" data-secret=\"lFbRn8m4ZA\" width=\"600\" height=\"338\" frameborder=\"0\" marginwidth=\"0\" marginheight=\"0\" scrolling=\"no\"><\/iframe>\n<\/div><\/figure>\n<\/div>\n\n\n\n<div class=\"wp-block-column is-layout-flow wp-block-column-is-layout-flow\">\n<h2 class=\"wp-block-heading has-text-align-center\">Release Candidate<\/h2>\n\n\n\n<div class=\"wp-block-buttons is-horizontal is-content-justification-center is-layout-flex wp-container-core-buttons-is-layout-499968f5 wp-block-buttons-is-layout-flex\">\n<div class=\"wp-block-button is-style-outline is-style-outline--1\"><a class=\"wp-block-button__link wp-element-button\" href=\"https:\/\/magiiic.com\/downloads\/w4os.zip\" target=\"_blank\" rel=\"noreferrer noopener\">Sur Magiiic.com<\/a><\/div>\n<\/div>\n\n\n\n<p>Avec les am\u00e9liorations et les fonctionnalit\u00e9s les plus r\u00e9centes. Quelque chose de proche de la prochaine version stable, mais il pourrait rester quelques bogues.<\/p>\n<\/div>\n\n\n\n<div class=\"wp-block-column is-layout-flow wp-block-column-is-layout-flow\">\n<h2 class=\"wp-block-heading has-text-align-center\">D\u00e9veloppement<\/h2>\n\n\n\n<div class=\"wp-block-buttons is-horizontal is-content-justification-center is-layout-flex wp-container-core-buttons-is-layout-499968f5 wp-block-buttons-is-layout-flex\">\n<div class=\"wp-block-button is-style-outline is-style-outline--2\"><a class=\"wp-block-button__link wp-element-button\" href=\"https:\/\/github.com\/GuduleLapointe\/w4os\/\">Sur GitHub<\/a><\/div>\n<\/div>\n\n\n\n<p>Le d\u00e9veloppement actuel, la version instable. Ne l&rsquo;utilisez pas dans un environnement de production. Vraiment. Elle peut contenir (et contient probablement) des bogues ou du travail incomplet.<\/p>\n<\/div>\n<\/div>\n","protected":false},"excerpt":{"rendered":"<p>Choisissez l&rsquo;une des distributions ci-dessous, puis suivez les instructions de la page d&rsquo;installation.Si vous ne savez pas laquelle choisir, la r\u00e9ponse est la version stable. Vous pouvez obtenir de l&rsquo;aide sur la page D\u00e9pannage. Et v\u00e9rifiez les derniers changements sur la page Changelog. Version stable Release Candidate Avec les am\u00e9liorations et les fonctionnalit\u00e9s les plus&hellip; <a class=\"more-link\" href=\"https:\/\/w4os.org\/fr\/telecharger\/\">Poursuivre la lecture <span class=\"screen-reader-text\">T\u00e9l\u00e9charger<\/span><\/a><\/p>\n","protected":false},"author":1,"featured_media":0,"parent":0,"menu_order":0,"comment_status":"closed","ping_status":"closed","template":"","meta":{"footnotes":""},"class_list":["post-4340","page","type-page","status-publish","hentry","entry"],"_links":{"self":[{"href":"https:\/\/w4os.org\/fr\/wp-json\/wp\/v2\/pages\/4340","targetHints":{"allow":["GET"]}}],"collection":[{"href":"https:\/\/w4os.org\/fr\/wp-json\/wp\/v2\/pages"}],"about":[{"href":"https:\/\/w4os.org\/fr\/wp-json\/wp\/v2\/types\/page"}],"author":[{"embeddable":true,"href":"https:\/\/w4os.org\/fr\/wp-json\/wp\/v2\/users\/1"}],"replies":[{"embeddable":true,"href":"https:\/\/w4os.org\/fr\/wp-json\/wp\/v2\/comments?post=4340"}],"version-history":[{"count":6,"href":"https:\/\/w4os.org\/fr\/wp-json\/wp\/v2\/pages\/4340\/revisions"}],"predecessor-version":[{"id":5600,"href":"https:\/\/w4os.org\/fr\/wp-json\/wp\/v2\/pages\/4340\/revisions\/5600"}],"wp:attachment":[{"href":"https:\/\/w4os.org\/fr\/wp-json\/wp\/v2\/media?parent=4340"}],"curies":[{"name":"wp","href":"https:\/\/api.w.org\/{rel}","templated":true}]}}