{"id":4356,"date":"2021-11-14T02:26:17","date_gmt":"2021-11-14T10:26:17","guid":{"rendered":"https:\/\/w4os.org\/a-propos-de\/"},"modified":"2022-02-13T14:54:34","modified_gmt":"2022-02-13T22:54:34","slug":"a-propos-de","status":"publish","type":"page","link":"https:\/\/w4os.org\/fr\/a-propos-de\/","title":{"rendered":"Fonctionnalit\u00e9s"},"content":{"rendered":"\n<p>Ce plugin est toujours en cours de d\u00e9veloppement. Pour une liste \u00e0 jour des fonctionnalit\u00e9s actuelles et de la feuille de route, consultez <a href=\"https:\/\/github.com\/GuduleLapointe\/w4os\/\" target=\"_blank\" rel=\"noreferrer noopener\">le d\u00e9p\u00f4t github<\/a>.<\/p>\n\n<ul class=\"wp-block-list\"><li><strong>Shortcodes, blocs et widgets de tableau de bord<\/strong>:<ul><li>Informations sur la grille<\/li><li>Statut de la grille<\/li><li>Profil de la grille<\/li><li>Lieux populaires<\/li><li>Page de recherche web <em>(\u00e0 venir)<\/em><\/li><\/ul><\/li><li><strong>Cr\u00e9ation d&rsquo;avatars<\/strong>:<ul><li><strong>Formulaire d&rsquo;inscription pour les avatars<\/strong><\/li><li>des<strong>mod\u00e8les d&rsquo;avatars<\/strong>, permettant aux nouveaux utilisateurs de choisir leur apparence initiale<\/li><\/ul><\/li><li><strong>Helpers<\/strong>, les compl\u00e9ments c\u00f4t\u00e9 web n\u00e9cessaires pour donner toute sa puissance \u00e0 OpenSimulator :<ul><li><strong>Moteur de recherche<\/strong>, comprenant des lieux, des terrains \u00e0 vendre et des \u00e9v\u00e9nements<\/li><li><strong>Messages hors ligne<\/strong>, y compris l&rsquo;option de transfert vers le courrier<\/li><li><strong>Serveur d&rsquo;actifs Web<\/strong>: le lien manquant entre les images du monde r\u00e9el et une page Web<\/li><li><strong>\u00c9conomie<\/strong>, pour l&rsquo;int\u00e9gration de fournisseurs de devises comme Podex, Gloebit ou de l&rsquo;argent fourni par l&rsquo;utilisateur (faux ou vrai)<\/li><\/ul><\/li><li><strong>Page des param\u00e8tres d&rsquo;OpenSimulator<\/strong>:<ul><li>nom de la grille, URI de connexion et param\u00e8tres de connexion \u00e0 la base de donn\u00e9es<\/li><li>sch\u00e9ma de nommage des mod\u00e8les par d\u00e9faut<\/li><li>exclure les mod\u00e8les des statistiques de la grille<\/li><li>activation\/d\u00e9sactivation et r\u00e9glages des aides<\/li><\/ul><\/li><\/ul>\n","protected":false},"excerpt":{"rendered":"<p>Ce plugin est toujours en cours de d\u00e9veloppement. Pour une liste \u00e0 jour des fonctionnalit\u00e9s actuelles et de la feuille de route, consultez le d\u00e9p\u00f4t github. Shortcodes, blocs et widgets de tableau de bord: Informations sur la grille Statut de la grille Profil de la grille Lieux populaires Page de recherche web (\u00e0 venir) Cr\u00e9ation&hellip; <a class=\"more-link\" href=\"https:\/\/w4os.org\/fr\/a-propos-de\/\">Poursuivre la lecture <span class=\"screen-reader-text\">Fonctionnalit\u00e9s<\/span><\/a><\/p>\n","protected":false},"author":1,"featured_media":0,"parent":0,"menu_order":0,"comment_status":"closed","ping_status":"closed","template":"","meta":{"footnotes":""},"class_list":["post-4356","page","type-page","status-publish","hentry","entry"],"_links":{"self":[{"href":"https:\/\/w4os.org\/fr\/wp-json\/wp\/v2\/pages\/4356","targetHints":{"allow":["GET"]}}],"collection":[{"href":"https:\/\/w4os.org\/fr\/wp-json\/wp\/v2\/pages"}],"about":[{"href":"https:\/\/w4os.org\/fr\/wp-json\/wp\/v2\/types\/page"}],"author":[{"embeddable":true,"href":"https:\/\/w4os.org\/fr\/wp-json\/wp\/v2\/users\/1"}],"replies":[{"embeddable":true,"href":"https:\/\/w4os.org\/fr\/wp-json\/wp\/v2\/comments?post=4356"}],"version-history":[{"count":16,"href":"https:\/\/w4os.org\/fr\/wp-json\/wp\/v2\/pages\/4356\/revisions"}],"predecessor-version":[{"id":4751,"href":"https:\/\/w4os.org\/fr\/wp-json\/wp\/v2\/pages\/4356\/revisions\/4751"}],"wp:attachment":[{"href":"https:\/\/w4os.org\/fr\/wp-json\/wp\/v2\/media?parent=4356"}],"curies":[{"name":"wp","href":"https:\/\/api.w.org\/{rel}","templated":true}]}}