{"id":4420,"date":"2021-12-12T13:22:29","date_gmt":"2021-12-12T21:22:29","guid":{"rendered":"https:\/\/w4os.org\/merci\/"},"modified":"2022-02-13T10:58:42","modified_gmt":"2022-02-13T18:58:42","slug":"merci","status":"publish","type":"page","link":"https:\/\/w4os.org\/fr\/faire-un-don\/merci\/","title":{"rendered":"Merci."},"content":{"rendered":"\n<div class=\"wp-block-columns alignwide is-layout-flex wp-container-core-columns-is-layout-9d6595d7 wp-block-columns-is-layout-flex\">\n<div class=\"wp-block-column is-layout-flow wp-block-column-is-layout-flow\" style=\"flex-basis:66.66%\">\n<p>Merci pour votre soutien. Cela signifie beaucoup pour nous, et nous sommes impatients de continuer \u00e0 travailler sur ce projet et de le rendre extraordinaire. Restez \u00e0 l&rsquo;\u00e9coute !<\/p>\n<\/div>\n\n\n\n<div class=\"wp-block-column is-layout-flow wp-block-column-is-layout-flow\" style=\"flex-basis:33.33%\"><p>[accept_stripe_payment_checkout]<\/p>\n<\/div>\n<\/div>\n","protected":false},"excerpt":{"rendered":"<p>Merci pour votre soutien. Cela signifie beaucoup pour nous, et nous sommes impatients de continuer \u00e0 travailler sur ce projet et de le rendre extraordinaire. Restez \u00e0 l&rsquo;\u00e9coute !<\/p>\n","protected":false},"author":1,"featured_media":0,"parent":4459,"menu_order":0,"comment_status":"closed","ping_status":"closed","template":"","meta":{"footnotes":""},"class_list":["post-4420","page","type-page","status-publish","hentry","entry"],"_links":{"self":[{"href":"https:\/\/w4os.org\/fr\/wp-json\/wp\/v2\/pages\/4420","targetHints":{"allow":["GET"]}}],"collection":[{"href":"https:\/\/w4os.org\/fr\/wp-json\/wp\/v2\/pages"}],"about":[{"href":"https:\/\/w4os.org\/fr\/wp-json\/wp\/v2\/types\/page"}],"author":[{"embeddable":true,"href":"https:\/\/w4os.org\/fr\/wp-json\/wp\/v2\/users\/1"}],"replies":[{"embeddable":true,"href":"https:\/\/w4os.org\/fr\/wp-json\/wp\/v2\/comments?post=4420"}],"version-history":[{"count":2,"href":"https:\/\/w4os.org\/fr\/wp-json\/wp\/v2\/pages\/4420\/revisions"}],"predecessor-version":[{"id":4422,"href":"https:\/\/w4os.org\/fr\/wp-json\/wp\/v2\/pages\/4420\/revisions\/4422"}],"up":[{"embeddable":true,"href":"https:\/\/w4os.org\/fr\/wp-json\/wp\/v2\/pages\/4459"}],"wp:attachment":[{"href":"https:\/\/w4os.org\/fr\/wp-json\/wp\/v2\/media?parent=4420"}],"curies":[{"name":"wp","href":"https:\/\/api.w.org\/{rel}","templated":true}]}}