{"id":5763,"date":"2024-12-07T10:57:49","date_gmt":"2024-12-07T18:57:49","guid":{"rendered":"https:\/\/w4os.org\/securite\/"},"modified":"2024-12-07T11:12:00","modified_gmt":"2024-12-07T19:12:00","slug":"securite","status":"publish","type":"page","link":"https:\/\/w4os.org\/fr\/securite\/","title":{"rendered":"S\u00e9curit\u00e9"},"content":{"rendered":"\n<p>La connexion de votre grille et de votre site web avec le plugin w4os n&rsquo;ajoute pas de failles de s\u00e9curit\u00e9. Voici quelques consid\u00e9rations importantes \u00e0 prendre en compte pour optimiser la s\u00e9curit\u00e9 de votre structure.<\/p>\n\n<ol class=\"wp-block-list\">\n<li>Veillez \u00e0 <strong>toujours utiliser la derni\u00e8re version de WordPress<\/strong> et \u00e0 <strong>n&rsquo;autoriser que le protocole SSL<\/strong> (ces deux r\u00e8gles g\u00e9n\u00e9rales s&rsquo;appliquent \u00e0 tous les CMS).<\/li>\n\n\n\n<li>Veillez \u00e0 <strong>prot\u00e9ger l&rsquo;acc\u00e8s \u00e0 votre base de donn\u00e9es<\/strong> (c&rsquo;est aussi une r\u00e8gle g\u00e9n\u00e9rale), utilisez des r\u00e8gles de pare-feu et de serveur de base de donn\u00e9es pour n&rsquo;autoriser l&rsquo;acc\u00e8s qu&rsquo;\u00e0 partir de votre simulateur et de votre site web.<\/li>\n\n\n\n<li>WordPress dispose de protections internes, mais <strong>il est fortement recommand\u00e9 d&rsquo;utiliser un plugin de s\u00e9curit\u00e9<\/strong>, comme la version gratuite de <a href=\"https:\/\/wordpress.org\/plugins\/wordfence\/\">WordFence<\/a>, qui ajoute une excellente couche de protection avec un pare-feu et une d\u00e9tection efficace des tentatives d&rsquo;intrusion.<\/li>\n\n\n\n<li>Seul votre propre site WordPress a un acc\u00e8s direct \u00e0 la base de donn\u00e9es de la grille par l&rsquo;interm\u00e9diaire de son plugin local w4os.\n<ul class=\"wp-block-list\">\n<li>Nos sites web (w4os.org et 2do.directory) n&rsquo;acc\u00e8dent pas \u00e0 votre base de donn\u00e9es OpenSimulator, ni aux ports priv\u00e9s de vos services OpenSimulator.<\/li>\n\n\n\n<li>w4os.org ne recueille aucune donn\u00e9e.<\/li>\n\n\n\n<li>Si vous optez pour le moteur de recherche partag\u00e9 2do.directory, seules les donn\u00e9es publiques n\u00e9cessaires \u00e0 la recherche sont envoy\u00e9es par votre serveur, avec les fonctionnalit\u00e9s standards d&rsquo;OpenSimulator, au service d&rsquo;annuaire (nom des r\u00e9gions, adresse, description, dates des \u00e9v\u00e9nements et localisation&#8230;).<\/li>\n<\/ul>\n<\/li>\n\n\n\n<li>Les donn\u00e9es de la grille et du simulateur re\u00e7ues ou collect\u00e9es par le plugin sont pass\u00e9es \u00e0 travers des filtres pour s&rsquo;assurer qu&rsquo;elles ne contiennent pas d&rsquo;instructions cach\u00e9es qui pourraient compromettre la s\u00e9curit\u00e9 du site web.<\/li>\n<\/ol>\n\n<p><em><strong>Gardez toujours \u00e0 l&rsquo;esprit<\/strong>, pour \u00eatre honn\u00eate, que dans l&rsquo;\u00e9tat actuel d&rsquo;OpenSimulator, votre grille elle-m\u00eame est le maillon faible d&rsquo;une paire grille\/site web&#8230; L&rsquo;activation de SSL sur le r\u00e9seau et les simulateurs am\u00e9liorera d\u00e9j\u00e0 la s\u00e9curit\u00e9, mais ne la rendra pas absolue.<\/em><\/p>\n","protected":false},"excerpt":{"rendered":"<p>La connexion de votre grille et de votre site web avec le plugin w4os n&rsquo;ajoute pas de failles de s\u00e9curit\u00e9. Voici quelques consid\u00e9rations importantes \u00e0 prendre en compte pour optimiser la s\u00e9curit\u00e9 de votre structure. Gardez toujours \u00e0 l&rsquo;esprit, pour \u00eatre honn\u00eate, que dans l&rsquo;\u00e9tat actuel d&rsquo;OpenSimulator, votre grille elle-m\u00eame est le maillon faible d&rsquo;une&hellip; <a class=\"more-link\" href=\"https:\/\/w4os.org\/fr\/securite\/\">Poursuivre la lecture <span class=\"screen-reader-text\">S\u00e9curit\u00e9<\/span><\/a><\/p>\n","protected":false},"author":869,"featured_media":0,"parent":0,"menu_order":0,"comment_status":"closed","ping_status":"closed","template":"","meta":{"footnotes":""},"class_list":["post-5763","page","type-page","status-publish","hentry","entry"],"_links":{"self":[{"href":"https:\/\/w4os.org\/fr\/wp-json\/wp\/v2\/pages\/5763","targetHints":{"allow":["GET"]}}],"collection":[{"href":"https:\/\/w4os.org\/fr\/wp-json\/wp\/v2\/pages"}],"about":[{"href":"https:\/\/w4os.org\/fr\/wp-json\/wp\/v2\/types\/page"}],"author":[{"embeddable":true,"href":"https:\/\/w4os.org\/fr\/wp-json\/wp\/v2\/users\/869"}],"replies":[{"embeddable":true,"href":"https:\/\/w4os.org\/fr\/wp-json\/wp\/v2\/comments?post=5763"}],"version-history":[{"count":2,"href":"https:\/\/w4os.org\/fr\/wp-json\/wp\/v2\/pages\/5763\/revisions"}],"predecessor-version":[{"id":5777,"href":"https:\/\/w4os.org\/fr\/wp-json\/wp\/v2\/pages\/5763\/revisions\/5777"}],"wp:attachment":[{"href":"https:\/\/w4os.org\/fr\/wp-json\/wp\/v2\/media?parent=5763"}],"curies":[{"name":"wp","href":"https:\/\/api.w.org\/{rel}","templated":true}]}}