{"id":5428,"date":"2021-11-14T02:26:17","date_gmt":"2021-11-14T10:26:17","guid":{"rendered":"https:\/\/w4os.org\/contacto\/"},"modified":"2023-07-31T08:20:15","modified_gmt":"2023-07-31T15:20:15","slug":"contacto","status":"publish","type":"page","link":"https:\/\/w4os.org\/pt-br\/contacto\/","title":{"rendered":"Contacto"},"content":{"rendered":"\n<div class=\"wp-block-columns alignwide is-layout-flex wp-container-core-columns-is-layout-9d6595d7 wp-block-columns-is-layout-flex\">\n<div class=\"wp-block-column is-layout-flow wp-block-column-is-layout-flow\" style=\"flex-basis:66.66%\">\n<p>Para bugs, problemas ou pedidos de funcionalidades, a melhor forma de os submeter \u00e9 atrav\u00e9s do <a href=\"https:\/\/github.com\/GuduleLapointe\/w4os\/issues\">GitHub<\/a>. Para qualquer outra quest\u00e3o (ou se n\u00e3o tiver uma conta GitHub), n\u00e3o hesite em contactar-nos atrav\u00e9s deste formul\u00e1rio.<\/p>\n\n\n\n<div class=\"wp-block-contact-form-7-contact-form-selector\">\n<div class=\"wpcf7 no-js\" id=\"wpcf7-f5502-o1\" lang=\"pt-BR\" dir=\"ltr\" data-wpcf7-id=\"5502\">\n<div class=\"screen-reader-response\"><p role=\"status\" aria-live=\"polite\" aria-atomic=\"true\"><\/p> <ul><\/ul><\/div>\n<form action=\"\/pt-br\/wp-json\/wp\/v2\/pages\/5428#wpcf7-f5502-o1\" method=\"post\" class=\"wpcf7-form init\" aria-label=\"Formul\u00e1rios de contato\" novalidate=\"novalidate\" data-status=\"init\">\n<div style=\"display: none;\">\n<input type=\"hidden\" name=\"_wpcf7\" value=\"5502\" \/>\n<input type=\"hidden\" name=\"_wpcf7_version\" value=\"6.0.5\" \/>\n<input type=\"hidden\" name=\"_wpcf7_locale\" value=\"pt_BR\" \/>\n<input type=\"hidden\" name=\"_wpcf7_unit_tag\" value=\"wpcf7-f5502-o1\" \/>\n<input type=\"hidden\" name=\"_wpcf7_container_post\" value=\"0\" \/>\n<input type=\"hidden\" name=\"_wpcf7_posted_data_hash\" value=\"\" \/>\n<\/div>\n<div class=\"wpcf7-response-output\" aria-hidden=\"true\"><\/div>\n<p><label><span class=\"wpcf7-form-control-wrap\" data-name=\"your-name\"><input size=\"40\" maxlength=\"400\" class=\"wpcf7-form-control wpcf7-text wpcf7-validates-as-required\" aria-required=\"true\" aria-invalid=\"false\" placeholder=\"O seu nome\" value=\"\" type=\"text\" name=\"your-name\" \/><\/span><\/label>\n<\/p>\n<p>\u00a0\n<\/p>\n<p><label><span class=\"wpcf7-form-control-wrap\" data-name=\"your-email\"><input size=\"40\" maxlength=\"400\" class=\"wpcf7-form-control wpcf7-email wpcf7-validates-as-required wpcf7-text wpcf7-validates-as-email\" aria-required=\"true\" aria-invalid=\"false\" placeholder=\"O seu endere\u00e7o de correio eletr\u00f3nico\" value=\"\" type=\"email\" name=\"your-email\" \/><\/span><\/label>\n<\/p>\n<p>\u00a0\n<\/p>\n<p><label><span class=\"wpcf7-form-control-wrap\" data-name=\"your-message\"><textarea cols=\"40\" rows=\"10\" maxlength=\"2000\" class=\"wpcf7-form-control wpcf7-textarea wpcf7-validates-as-required\" aria-required=\"true\" aria-invalid=\"false\" placeholder=\"A sua mensagem\" name=\"your-message\"><\/textarea><\/span> <\/label>\n<\/p>\n<p>\u00a0\n<\/p>\n<p style=\"text-align:right\"><input class=\"wpcf7-form-control wpcf7-submit has-spinner\" type=\"submit\" value=\"Enviar mensagem\" \/>\n<\/p><p style=\"display: none !important;\" class=\"akismet-fields-container\" data-prefix=\"_wpcf7_ak_\"><label>&#916;<textarea name=\"_wpcf7_ak_hp_textarea\" cols=\"45\" rows=\"8\" maxlength=\"100\"><\/textarea><\/label><input type=\"hidden\" id=\"ak_js_1\" name=\"_wpcf7_ak_js\" value=\"218\"\/><script>document.getElementById( \"ak_js_1\" ).setAttribute( \"value\", ( new Date() ).getTime() );<\/script><\/p>\n<\/form>\n<\/div>\n<\/div>\n<\/div>\n\n\n\n<div class=\"wp-block-column is-layout-flow wp-block-column-is-layout-flow\" style=\"flex-basis:33.33%\">\n<p>Tamb\u00e9m pode contactar-nos em linha:<\/p>\n\n\n\n<div class=\"wp-block-columns is-layout-flex wp-container-core-columns-is-layout-9d6595d7 wp-block-columns-is-layout-flex\">\n<div class=\"wp-block-column is-layout-flow wp-block-column-is-layout-flow\">\n<figure class=\"wp-block-image size-full\"><a href=\"hop:\/\/speculoos.co.uk:8002\/app\/agent\/ec0b88d8-4f3c-43c0-bf8c-c34129f2bad8\/about\"><img loading=\"lazy\" decoding=\"async\" width=\"512\" height=\"512\" src=\"https:\/\/w4os.org\/wp-content\/uploads\/2021\/12\/Gudule-Profile-Pic-@Grand-Place.png\" alt=\"Gudule Lapointe\" class=\"wp-image-4119\" srcset=\"https:\/\/w4os.org\/wp-content\/uploads\/2021\/12\/Gudule-Profile-Pic-@Grand-Place.png 512w, https:\/\/w4os.org\/wp-content\/uploads\/2021\/12\/Gudule-Profile-Pic-@Grand-Place-300x300.png 300w, https:\/\/w4os.org\/wp-content\/uploads\/2021\/12\/Gudule-Profile-Pic-@Grand-Place-150x150.png 150w\" sizes=\"auto, (max-width: 512px) 100vw, 512px\" \/><\/a><figcaption><a href=\"hop:\/\/speculoos.co.uk:8002\/app\/agent\/ec0b88d8-4f3c-43c0-bf8c-c34129f2bad8\/about\">Gudule Lapointe<\/a><br\/><a href=\"hop:\/\/speculoos.co.uk:8002\/app\/agent\/ec0b88d8-4f3c-43c0-bf8c-c34129f2bad8\/about\">@speculoos.world:8002<\/a><\/figcaption><\/figure>\n<\/div>\n\n\n\n<div class=\"wp-block-column is-layout-flow wp-block-column-is-layout-flow\">\n<figure class=\"wp-block-image size-full\"><img loading=\"lazy\" decoding=\"async\" width=\"512\" height=\"512\" src=\"https:\/\/w4os.org\/wp-content\/uploads\/2021\/12\/magicoli-tent.jpg\" alt=\"\" class=\"wp-image-4219\" srcset=\"https:\/\/w4os.org\/wp-content\/uploads\/2021\/12\/magicoli-tent.jpg 512w, https:\/\/w4os.org\/wp-content\/uploads\/2021\/12\/magicoli-tent-300x300.jpg 300w, https:\/\/w4os.org\/wp-content\/uploads\/2021\/12\/magicoli-tent-150x150.jpg 150w\" sizes=\"auto, (max-width: 512px) 100vw, 512px\" \/><figcaption><a href=\"hop:\/\/speculoos.co.uk:8002\/app\/agent\/ab66d0bb-db80-468f-81df-d54cb18ff83b\/about\">Magic Oli<\/a><br\/><a href=\"hop:\/\/speculoos.co.uk:8002\/app\/agent\/ab66d0bb-db80-468f-81df-d54cb18ff83b\/about\">@speculoos.world:8002<\/a><\/figcaption><\/figure>\n<\/div>\n<\/div>\n<\/div>\n<\/div>\n","protected":false},"excerpt":{"rendered":"<p>Para bugs, problemas ou pedidos de funcionalidades, a melhor forma de os submeter \u00e9 atrav\u00e9s do GitHub. Para qualquer outra quest\u00e3o (ou se n\u00e3o tiver uma conta GitHub), n\u00e3o hesite em contactar-nos atrav\u00e9s deste formul\u00e1rio. Tamb\u00e9m pode contactar-nos em linha:<\/p>\n","protected":false},"author":1,"featured_media":0,"parent":0,"menu_order":0,"comment_status":"closed","ping_status":"closed","template":"","meta":{"footnotes":""},"class_list":["post-5428","page","type-page","status-publish","hentry","entry"],"_links":{"self":[{"href":"https:\/\/w4os.org\/pt-br\/wp-json\/wp\/v2\/pages\/5428","targetHints":{"allow":["GET"]}}],"collection":[{"href":"https:\/\/w4os.org\/pt-br\/wp-json\/wp\/v2\/pages"}],"about":[{"href":"https:\/\/w4os.org\/pt-br\/wp-json\/wp\/v2\/types\/page"}],"author":[{"embeddable":true,"href":"https:\/\/w4os.org\/pt-br\/wp-json\/wp\/v2\/users\/1"}],"replies":[{"embeddable":true,"href":"https:\/\/w4os.org\/pt-br\/wp-json\/wp\/v2\/comments?post=5428"}],"version-history":[{"count":1,"href":"https:\/\/w4os.org\/pt-br\/wp-json\/wp\/v2\/pages\/5428\/revisions"}],"predecessor-version":[{"id":5432,"href":"https:\/\/w4os.org\/pt-br\/wp-json\/wp\/v2\/pages\/5428\/revisions\/5432"}],"wp:attachment":[{"href":"https:\/\/w4os.org\/pt-br\/wp-json\/wp\/v2\/media?parent=5428"}],"curies":[{"name":"wp","href":"https:\/\/api.w.org\/{rel}","templated":true}]}}