{"id":5434,"date":"2021-11-14T02:26:17","date_gmt":"2021-11-14T10:26:17","guid":{"rendered":"https:\/\/w4os.org\/caracteristicas\/"},"modified":"2023-07-31T08:28:14","modified_gmt":"2023-07-31T15:28:14","slug":"caracteristicas","status":"publish","type":"page","link":"https:\/\/w4os.org\/pt-br\/caracteristicas\/","title":{"rendered":"Caracter\u00edsticas"},"content":{"rendered":"\n<p>Este plugin ainda est\u00e1 a ser desenvolvido. Para obter uma lista actualizada das funcionalidades actuais e do roteiro, consulte <a href=\"https:\/\/github.com\/GuduleLapointe\/w4os\/\" target=\"_blank\" rel=\"noreferrer noopener\">o reposit\u00f3rio github<\/a>.<\/p>\n\n<ul class=\"wp-block-list\"><li><strong>Shortcodes, blocos e widgets do painel de controlo<\/strong>:<ul><li>Informa\u00e7\u00f5es sobre a grelha<\/li><li>Estado da grelha<\/li><li>Perfil da grelha<\/li><li>Locais populares<\/li><li>P\u00e1gina de pesquisa na Web <em>(brevemente)<\/em><\/li><\/ul><\/li><li><strong>Cria\u00e7\u00e3o de avatares<\/strong>:<ul><li><strong>Formul\u00e1rio de registo de avatar<\/strong><\/li><li><strong>Modelos de avatares<\/strong>, que permitem aos novos utilizadores escolher a sua apar\u00eancia inicial<\/li><\/ul><\/li><li><strong>Helpers<\/strong>, os complementos do lado da Web necess\u00e1rios para libertar toda a pot\u00eancia do OpenSimulator:<ul><li><strong>Motor de busca<\/strong>, incluindo locais, terrenos para venda e eventos<\/li><li><strong>Mensagens offline<\/strong>, incluindo a op\u00e7\u00e3o de reencaminhar para o correio<\/li><li><strong>Servidor de activos Web<\/strong>: o elo que faltava entre as imagens do mundo real e uma p\u00e1gina Web<\/li><li><strong>Economia<\/strong>, para integra\u00e7\u00e3o com fornecedores de moeda como Podex, Gloebit ou dinheiro fornecido pelo pr\u00f3prio (falso ou real)<\/li><\/ul><\/li><li><strong>P\u00e1gina de defini\u00e7\u00f5es do OpenSimulator<\/strong>:<ul><li>nome da grelha, uri de in\u00edcio de sess\u00e3o e defini\u00e7\u00f5es de liga\u00e7\u00e3o \u00e0 base de dados<\/li><li>esquema de nomenclatura dos modelos por defeito<\/li><li>excluir modelos das estat\u00edsticas da grelha<\/li><li>ativa\u00e7\u00e3o\/desativa\u00e7\u00e3o de ajudantes e defini\u00e7\u00f5es<\/li><\/ul><\/li><\/ul>\n","protected":false},"excerpt":{"rendered":"<p>Este plugin ainda est\u00e1 a ser desenvolvido. Para obter uma lista actualizada das funcionalidades actuais e do roteiro, consulte o reposit\u00f3rio github. Shortcodes, blocos e widgets do painel de controlo: Informa\u00e7\u00f5es sobre a grelha Estado da grelha Perfil da grelha Locais populares P\u00e1gina de pesquisa na Web (brevemente) Cria\u00e7\u00e3o de avatares: Formul\u00e1rio de registo de&hellip; <a class=\"more-link\" href=\"https:\/\/w4os.org\/pt-br\/caracteristicas\/\">Continuar lendo <span class=\"screen-reader-text\">Caracter\u00edsticas<\/span><\/a><\/p>\n","protected":false},"author":1,"featured_media":0,"parent":0,"menu_order":0,"comment_status":"closed","ping_status":"closed","template":"","meta":{"footnotes":""},"class_list":["post-5434","page","type-page","status-publish","hentry","entry"],"_links":{"self":[{"href":"https:\/\/w4os.org\/pt-br\/wp-json\/wp\/v2\/pages\/5434","targetHints":{"allow":["GET"]}}],"collection":[{"href":"https:\/\/w4os.org\/pt-br\/wp-json\/wp\/v2\/pages"}],"about":[{"href":"https:\/\/w4os.org\/pt-br\/wp-json\/wp\/v2\/types\/page"}],"author":[{"embeddable":true,"href":"https:\/\/w4os.org\/pt-br\/wp-json\/wp\/v2\/users\/1"}],"replies":[{"embeddable":true,"href":"https:\/\/w4os.org\/pt-br\/wp-json\/wp\/v2\/comments?post=5434"}],"version-history":[{"count":1,"href":"https:\/\/w4os.org\/pt-br\/wp-json\/wp\/v2\/pages\/5434\/revisions"}],"predecessor-version":[{"id":5435,"href":"https:\/\/w4os.org\/pt-br\/wp-json\/wp\/v2\/pages\/5434\/revisions\/5435"}],"wp:attachment":[{"href":"https:\/\/w4os.org\/pt-br\/wp-json\/wp\/v2\/media?parent=5434"}],"curies":[{"name":"wp","href":"https:\/\/api.w.org\/{rel}","templated":true}]}}