{"id":5445,"date":"2021-11-13T22:45:27","date_gmt":"2021-11-14T06:45:27","guid":{"rendered":"https:\/\/w4os.org\/politica-de-privacidade\/"},"modified":"2023-07-31T08:28:17","modified_gmt":"2023-07-31T15:28:17","slug":"politica-de-privacidade","status":"publish","type":"page","link":"https:\/\/w4os.org\/pt-br\/politica-de-privacidade\/","title":{"rendered":"Pol\u00edtica de privacidade"},"content":{"rendered":"\n<h2 class=\"wp-block-heading\">Quem somos<\/h2>\n\n<p>O endere\u00e7o do nosso s\u00edtio Web \u00e9: https:\/\/w4os.org. Este projeto \u00e9 desenvolvido por, e este s\u00edtio Web \u00e9 mantido por <a href=\"https:\/\/speculoos.world\/\">Speculoos World<\/a>.<\/p>\n\n<h2 class=\"wp-block-heading\">Coment\u00e1rios<\/h2>\n\n<p>Quando os visitantes deixam coment\u00e1rios no s\u00edtio, recolhemos os dados apresentados no formul\u00e1rio de coment\u00e1rios, bem como o endere\u00e7o IP do visitante e a cadeia de agentes do utilizador do navegador para ajudar a detetar spam.<\/p>\n\n<p>Uma cadeia de caracteres an\u00f3nima criada a partir do seu endere\u00e7o de e-mail (tamb\u00e9m designada por hash) pode ser fornecida ao servi\u00e7o Gravatar para verificar se o utilizador o est\u00e1 a utilizar. A pol\u00edtica de privacidade do servi\u00e7o Gravatar est\u00e1 dispon\u00edvel aqui: https:\/\/automattic.com\/privacy\/. Ap\u00f3s a aprova\u00e7\u00e3o do seu coment\u00e1rio, a sua imagem de perfil fica vis\u00edvel para o p\u00fablico no contexto do seu coment\u00e1rio.<\/p>\n\n<h2 class=\"wp-block-heading\">Media<\/h2>\n\n<p>Se carregar imagens para o s\u00edtio Web, deve evitar carregar imagens com dados de localiza\u00e7\u00e3o incorporados (EXIF GPS). Os visitantes do s\u00edtio Web podem descarregar e extrair quaisquer dados de localiza\u00e7\u00e3o de imagens no s\u00edtio Web.<\/p>\n\n<h2 class=\"wp-block-heading\">Biscoitos<\/h2>\n\n<p>Se deixar um coment\u00e1rio no nosso s\u00edtio, pode optar por guardar o seu nome, endere\u00e7o de correio eletr\u00f3nico e s\u00edtio Web nos cookies. Estes s\u00e3o para sua conveni\u00eancia, para que n\u00e3o tenha de preencher novamente os seus dados quando deixar outro coment\u00e1rio. Estas bolachas duram um ano.<\/p>\n\n<p>Se visitar a nossa p\u00e1gina de in\u00edcio de sess\u00e3o, definiremos um cookie tempor\u00e1rio para determinar se o seu browser aceita cookies. Este cookie n\u00e3o cont\u00e9m dados pessoais e \u00e9 eliminado quando o utilizador fecha o seu browser.<\/p>\n\n<p>Quando inicia sess\u00e3o, tamb\u00e9m configuramos v\u00e1rios cookies para guardar as suas informa\u00e7\u00f5es de in\u00edcio de sess\u00e3o e as suas op\u00e7\u00f5es de visualiza\u00e7\u00e3o do ecr\u00e3. Os cookies de in\u00edcio de sess\u00e3o duram dois dias e os cookies de op\u00e7\u00f5es de ecr\u00e3 duram um ano. Se selecionar &#8220;Lembrar-me&#8221;, o seu in\u00edcio de sess\u00e3o persistir\u00e1 durante duas semanas. Se sair da sua conta, os cookies de in\u00edcio de sess\u00e3o ser\u00e3o removidos.<\/p>\n\n<p>Se editar ou publicar um artigo, ser\u00e1 guardado um cookie adicional no seu browser. Este cookie n\u00e3o inclui dados pessoais e indica simplesmente o ID da publica\u00e7\u00e3o do artigo que acabou de editar. Expira ao fim de 1 dia.<\/p>\n\n<h2 class=\"wp-block-heading\">Conte\u00fado incorporado de outros s\u00edtios Web<\/h2>\n\n<p>Os artigos deste s\u00edtio podem incluir conte\u00fados incorporados (por exemplo, v\u00eddeos, imagens, artigos, etc.). O conte\u00fado incorporado de outros s\u00edtios Web comporta-se exatamente da mesma forma como se o visitante tivesse visitado o outro s\u00edtio Web.<\/p>\n\n<p>Estes s\u00edtios Web podem recolher dados sobre o utilizador, utilizar cookies, incorporar rastreio adicional de terceiros e monitorizar a sua intera\u00e7\u00e3o com esse conte\u00fado incorporado, incluindo o rastreio da sua intera\u00e7\u00e3o com o conte\u00fado incorporado se tiver uma conta e estiver ligado a esse s\u00edtio Web.<\/p>\n\n<h2 class=\"wp-block-heading\">Com quem partilhamos os seus dados<\/h2>\n\n<p>Ningu\u00e9m (exceto para fins de antispam, seguran\u00e7a ou an\u00e1lise global e n\u00e3o pessoal, ver abaixo).<\/p>\n\n<h2 class=\"wp-block-heading\">Durante quanto tempo conservamos os seus dados<\/h2>\n\n<p>Se deixar um coment\u00e1rio, o coment\u00e1rio e os seus metadados s\u00e3o conservados indefinidamente. Isto permite-nos reconhecer e aprovar automaticamente quaisquer coment\u00e1rios de seguimento em vez de os manter numa fila de modera\u00e7\u00e3o.<\/p>\n\n<p>Para os utilizadores que se registam no nosso s\u00edtio Web (se for o caso), tamb\u00e9m guardamos as informa\u00e7\u00f5es pessoais que fornecem no seu perfil de utilizador. Todos os utilizadores podem ver, editar ou eliminar as suas informa\u00e7\u00f5es pessoais em qualquer altura (exceto que n\u00e3o podem alterar o seu nome de utilizador). Os administradores do s\u00edtio Web tamb\u00e9m podem ver e editar essas informa\u00e7\u00f5es.<\/p>\n\n<h2 class=\"wp-block-heading\">Que direitos tem sobre os seus dados<\/h2>\n\n<p>Se tiver uma conta neste s\u00edtio ou tiver deixado coment\u00e1rios, pode pedir para receber um ficheiro exportado dos dados pessoais que temos sobre si, incluindo quaisquer dados que nos tenha fornecido. Tamb\u00e9m pode solicitar que apaguemos quaisquer dados pessoais que tenhamos sobre si. Isto n\u00e3o inclui quaisquer dados que sejamos obrigados a manter para fins administrativos, legais ou de seguran\u00e7a.<\/p>\n\n<h2 class=\"wp-block-heading\">Para onde enviamos os seus dados<\/h2>\n<p>[matomo_opt_out]<\/p>\n\n<p>Os coment\u00e1rios dos visitantes podem ser verificados atrav\u00e9s dos servi\u00e7os de dete\u00e7\u00e3o de spam <a href=\"https:\/\/wordpress.org\/plugins\/akismet\/\">Akismet<\/a> e\/ou <a href=\"https:\/\/wordpress.org\/plugins\/wordfence\/\">Wordfence<\/a>, que recolhem alguns dados e instalam cookies apenas para atingir o seu objetivo.<\/p>\n","protected":false},"excerpt":{"rendered":"<p>Quem somos O endere\u00e7o do nosso s\u00edtio Web \u00e9: https:\/\/w4os.org. Este projeto \u00e9 desenvolvido por, e este s\u00edtio Web \u00e9 mantido por Speculoos World. Coment\u00e1rios Quando os visitantes deixam coment\u00e1rios no s\u00edtio, recolhemos os dados apresentados no formul\u00e1rio de coment\u00e1rios, bem como o endere\u00e7o IP do visitante e a cadeia de agentes do utilizador do&hellip; <a class=\"more-link\" href=\"https:\/\/w4os.org\/pt-br\/politica-de-privacidade\/\">Continuar lendo <span class=\"screen-reader-text\">Pol\u00edtica de privacidade<\/span><\/a><\/p>\n","protected":false},"author":1,"featured_media":0,"parent":0,"menu_order":0,"comment_status":"closed","ping_status":"open","template":"","meta":{"footnotes":""},"class_list":["post-5445","page","type-page","status-publish","hentry","entry"],"_links":{"self":[{"href":"https:\/\/w4os.org\/pt-br\/wp-json\/wp\/v2\/pages\/5445","targetHints":{"allow":["GET"]}}],"collection":[{"href":"https:\/\/w4os.org\/pt-br\/wp-json\/wp\/v2\/pages"}],"about":[{"href":"https:\/\/w4os.org\/pt-br\/wp-json\/wp\/v2\/types\/page"}],"author":[{"embeddable":true,"href":"https:\/\/w4os.org\/pt-br\/wp-json\/wp\/v2\/users\/1"}],"replies":[{"embeddable":true,"href":"https:\/\/w4os.org\/pt-br\/wp-json\/wp\/v2\/comments?post=5445"}],"version-history":[{"count":1,"href":"https:\/\/w4os.org\/pt-br\/wp-json\/wp\/v2\/pages\/5445\/revisions"}],"predecessor-version":[{"id":5453,"href":"https:\/\/w4os.org\/pt-br\/wp-json\/wp\/v2\/pages\/5445\/revisions\/5453"}],"wp:attachment":[{"href":"https:\/\/w4os.org\/pt-br\/wp-json\/wp\/v2\/media?parent=5445"}],"curies":[{"name":"wp","href":"https:\/\/api.w.org\/{rel}","templated":true}]}}