{"id":5462,"date":"2021-11-21T08:48:41","date_gmt":"2021-11-21T16:48:41","guid":{"rendered":"https:\/\/w4os.org\/descarregar\/"},"modified":"2024-01-29T17:53:50","modified_gmt":"2024-01-30T01:53:50","slug":"descarregar","status":"publish","type":"page","link":"https:\/\/w4os.org\/pt-br\/descarregar\/","title":{"rendered":"Descarregar"},"content":{"rendered":"\n<div class=\"wp-block-columns alignwide is-layout-flex wp-container-core-columns-is-layout-9d6595d7 wp-block-columns-is-layout-flex\">\n<div class=\"wp-block-column is-layout-flow wp-block-column-is-layout-flow\" style=\"flex-basis:66.66%\">\n<p>Escolha uma das distribui\u00e7\u00f5es abaixo e <strong>siga as instru\u00e7\u00f5es na <a href=\"https:\/\/w4os.org\/pt-br\/descarregar\/instalacao\/\" data-type=\"page\" data-id=\"5564\">p\u00e1gina Instala\u00e7\u00e3o<\/a><\/strong>.<br\/><em>Se voc\u00ea n\u00e3o sabe qual escolher, a resposta \u00e9 a <strong>vers\u00e3o est\u00e1vel<\/strong>.<\/em><\/p>\n\n\n\n<p>Voc\u00ea pode obter ajuda na <a href=\"https:\/\/w4os.org\/pt-br\/descarregar\/resolucao-de-problemas\/\" data-type=\"page\" data-id=\"5174\">p\u00e1gina Solu\u00e7\u00e3o de problemas<\/a>.<\/p>\n\n\n\n<p>E verifique as altera\u00e7\u00f5es mais recentes na <a href=\"https:\/\/w4os.org\/pt-br\/descarregar\/registo-de-alteracoes\/\" data-type=\"page\" data-id=\"58\">p\u00e1gina Changelog<\/a>.<\/p>\n<\/div>\n\n\n\n<div class=\"wp-block-column is-layout-flow wp-block-column-is-layout-flow\" style=\"flex-basis:33.33%\">\n<div class=\"wp-block-group has-white-background-color has-background\"><div class=\"wp-block-group__inner-container is-layout-flow wp-block-group-is-layout-flow\">\n<h3 class=\"wp-block-heading\">Apoiar o projeto W4OS<\/h3>\n\n\n\n<p>No momento em que escrevo, esse plug-in representa cerca de 6.000 linhas de c\u00f3digo, 750 confirma\u00e7\u00f5es, centenas de horas e dezenas de noites sem dormir&#8230; <strong>Boas not\u00edcias: voc\u00ea pode nos comprar um caf\u00e9<\/strong> (ou uma m\u00e1quina de caf\u00e9) para apoiar todo esse trabalho \u00e1rduo.<\/p>\n\n\n\n<div class=\"wp-block-group is-content-justification-center is-layout-flex wp-container-core-group-is-layout-aaa210a4 wp-block-group-is-layout-flex\" style=\"padding-top:var(--wp--preset--spacing--20);padding-bottom:var(--wp--preset--spacing--20)\">\n<figure class=\"wp-block-image is-resized\"><a href=\"https:\/\/www.buymeacoffee.com\/speculoos.world\" target=\"_blank\" rel=\"noreferrer noopener\"><img decoding=\"async\" src=\"https:\/\/cdn.buymeacoffee.com\/buttons\/v2\/default-yellow.png\" alt=\"\" style=\"width:auto;height:50px\"\/><\/a><\/figure>\n\n\n\n<figure class=\"wp-block-image is-resized\"><a href=\"https:\/\/opencollective.com\/speculoosworld\" target=\"_blank\" rel=\"noreferrer noopener\"><img decoding=\"async\" src=\"https:\/\/opencollective.com\/webpack\/donate\/button@2x.png?color=blue\" alt=\"\" style=\"width:310px;height:auto\"\/><\/a><\/figure>\n\n\n\n<figure class=\"wp-block-image is-resized\"><a href=\"https:\/\/magiiic.com\/support\/w4os.org\" target=\"_blank\" rel=\"noreferrer noopener\"><img decoding=\"async\" src=\"https:\/\/speculoos.world\/w\/wp-content\/uploads\/2025\/04\/magiiic-logo-v4-noslash.png\" alt=\"\" class=\"wp-image-15395\" style=\"object-fit:cover;width:187px;height:auto\"\/><\/a><\/figure>\n<\/div>\n<\/div><\/div>\n<\/div>\n<\/div>\n\n<div class=\"wp-block-columns alignwide is-layout-flex wp-container-core-columns-is-layout-9d6595d7 wp-block-columns-is-layout-flex\">\n<div class=\"wp-block-column is-layout-flow wp-block-column-is-layout-flow\">\n<h2 class=\"wp-block-heading has-text-align-center\">Vers\u00e3o est\u00e1vel<\/h2>\n\n\n\n<figure class=\"wp-block-embed is-type-wp-embed is-provider-plugin-directory wp-block-embed-plugin-directory\"><div class=\"wp-block-embed__wrapper\">\n<blockquote class=\"wp-embedded-content\" data-secret=\"jV1yV6CHYb\"><a href=\"https:\/\/wordpress.org\/plugins\/w4os-opensimulator-web-interface\/\">w4os &#8211; OpenSimulator Web Interface<\/a><\/blockquote><iframe loading=\"lazy\" class=\"wp-embedded-content\" sandbox=\"allow-scripts\" security=\"restricted\" style=\"position: absolute; clip: rect(1px, 1px, 1px, 1px);\" title=\"&#8220;w4os &#8211; OpenSimulator Web Interface&#8221; &#8212; Plugin Directory\" src=\"https:\/\/wordpress.org\/plugins\/w4os-opensimulator-web-interface\/embed\/#?secret=Qav9yOvJ8h#?secret=jV1yV6CHYb\" data-secret=\"jV1yV6CHYb\" width=\"600\" height=\"338\" frameborder=\"0\" marginwidth=\"0\" marginheight=\"0\" scrolling=\"no\"><\/iframe>\n<\/div><\/figure>\n<\/div>\n\n\n\n<div class=\"wp-block-column is-layout-flow wp-block-column-is-layout-flow\">\n<h2 class=\"wp-block-heading has-text-align-center\">Candidato<\/h2>\n\n\n\n<div class=\"wp-block-buttons is-horizontal is-content-justification-center is-layout-flex wp-container-core-buttons-is-layout-499968f5 wp-block-buttons-is-layout-flex\">\n<div class=\"wp-block-button is-style-outline is-style-outline--1\"><a class=\"wp-block-button__link wp-element-button\" href=\"https:\/\/magiiic.com\/downloads\/w4os.zip\" target=\"_blank\" rel=\"noreferrer noopener\">De Magiiic.com<\/a><\/div>\n<\/div>\n\n\n\n<p>Com as mais recentes melhorias e funcionalidades. Algo pr\u00f3ximo da pr\u00f3xima vers\u00e3o est\u00e1vel, mas pode haver ainda alguns bugs.<\/p>\n<\/div>\n\n\n\n<div class=\"wp-block-column is-layout-flow wp-block-column-is-layout-flow\">\n<h2 class=\"wp-block-heading has-text-align-center\">Desenvolvimento<\/h2>\n\n\n\n<div class=\"wp-block-buttons is-horizontal is-content-justification-center is-layout-flex wp-container-core-buttons-is-layout-499968f5 wp-block-buttons-is-layout-flex\">\n<div class=\"wp-block-button is-style-outline is-style-outline--2\"><a class=\"wp-block-button__link wp-element-button\" href=\"https:\/\/github.com\/GuduleLapointe\/w4os\/\">Do GitHub<\/a><\/div>\n<\/div>\n\n\n\n<p>O desenvolvimento atual, vers\u00e3o inst\u00e1vel. N\u00e3o o utilizo em ambiente de produ\u00e7\u00e3o. Pode conter (e provavelmente cont\u00e9m) erros ou trabalhos em curso.<\/p>\n<\/div>\n<\/div>\n","protected":false},"excerpt":{"rendered":"<p>Escolha uma das distribui\u00e7\u00f5es abaixo e siga as instru\u00e7\u00f5es na p\u00e1gina Instala\u00e7\u00e3o.Se voc\u00ea n\u00e3o sabe qual escolher, a resposta \u00e9 a vers\u00e3o est\u00e1vel. Voc\u00ea pode obter ajuda na p\u00e1gina Solu\u00e7\u00e3o de problemas. E verifique as altera\u00e7\u00f5es mais recentes na p\u00e1gina Changelog. Vers\u00e3o est\u00e1vel Candidato Com as mais recentes melhorias e funcionalidades. Algo pr\u00f3ximo da pr\u00f3xima&hellip; <a class=\"more-link\" href=\"https:\/\/w4os.org\/pt-br\/descarregar\/\">Continuar lendo <span class=\"screen-reader-text\">Descarregar<\/span><\/a><\/p>\n","protected":false},"author":1,"featured_media":0,"parent":0,"menu_order":0,"comment_status":"closed","ping_status":"closed","template":"","meta":{"footnotes":""},"class_list":["post-5462","page","type-page","status-publish","hentry","entry"],"_links":{"self":[{"href":"https:\/\/w4os.org\/pt-br\/wp-json\/wp\/v2\/pages\/5462","targetHints":{"allow":["GET"]}}],"collection":[{"href":"https:\/\/w4os.org\/pt-br\/wp-json\/wp\/v2\/pages"}],"about":[{"href":"https:\/\/w4os.org\/pt-br\/wp-json\/wp\/v2\/types\/page"}],"author":[{"embeddable":true,"href":"https:\/\/w4os.org\/pt-br\/wp-json\/wp\/v2\/users\/1"}],"replies":[{"embeddable":true,"href":"https:\/\/w4os.org\/pt-br\/wp-json\/wp\/v2\/comments?post=5462"}],"version-history":[{"count":3,"href":"https:\/\/w4os.org\/pt-br\/wp-json\/wp\/v2\/pages\/5462\/revisions"}],"predecessor-version":[{"id":5598,"href":"https:\/\/w4os.org\/pt-br\/wp-json\/wp\/v2\/pages\/5462\/revisions\/5598"}],"wp:attachment":[{"href":"https:\/\/w4os.org\/pt-br\/wp-json\/wp\/v2\/media?parent=5462"}],"curies":[{"name":"wp","href":"https:\/\/api.w.org\/{rel}","templated":true}]}}