{"id":5472,"date":"2021-11-14T02:26:17","date_gmt":"2021-11-14T10:26:17","guid":{"rendered":"https:\/\/w4os.org\/w4os\/"},"modified":"2025-04-05T15:46:58","modified_gmt":"2025-04-05T22:46:58","slug":"w4os","status":"publish","type":"page","link":"https:\/\/w4os.org\/pt-br\/","title":{"rendered":"W4OS"},"content":{"rendered":"\n<div class=\"wp-block-columns alignwide is-layout-flex wp-container-core-columns-is-layout-9d6595d7 wp-block-columns-is-layout-flex\">\n<div class=\"wp-block-column is-layout-flow wp-block-column-is-layout-flow\">\n<p><strong>O W4OS<\/strong> \u00e9 um <strong>plug-in do WordPress para<\/strong> gerenciamento de grade <strong> <a rel=\"noreferrer noopener\" href=\"https:\/\/opensimulator.org\/\" target=\"_blank\">do OpenSimulator<\/a><\/strong>. Permite aos utilizadores registarem-se para obterem um avatar e escolherem uma roupa inicial. Tamb\u00e9m fornece blocos \u00fateis que podem ser apresentados em qualquer p\u00e1gina, barras laterais, cabe\u00e7alhos e rodap\u00e9s (atrav\u00e9s de c\u00f3digos curtos, widgets ou blocos Gutenberg).<\/p>\n\n\n\n<p>\u00c9 muito <a href=\"https:\/\/w4os.org\/pt-br\/descarregar\/\" data-type=\"page\" data-id=\"69\">f\u00e1cil de<\/a> configurar, pelo que pode come\u00e7ar a aceitar novos utilizadores em poucos minutos.<\/p>\n\n\n\n<p>O projeto \u00e9 patrocinado e desenvolvido pela <a rel=\"noreferrer noopener\" href=\"https:\/\/speculoos.world\/\" target=\"_blank\">Speculoos World<\/a> e pela <a rel=\"noreferrer noopener\" href=\"https:\/\/magiiic.com\/\" target=\"_blank\">Magiiic<\/a>.<\/p>\n\n\n\n<div class=\"wp-block-group has-white-background-color has-background\"><div class=\"wp-block-group__inner-container is-layout-flow wp-block-group-is-layout-flow\">\n<h3 class=\"wp-block-heading\">Apoiar o projeto W4OS<\/h3>\n\n\n\n<p>No momento em que escrevo, esse plug-in representa cerca de 6.000 linhas de c\u00f3digo, 750 confirma\u00e7\u00f5es, centenas de horas e dezenas de noites sem dormir&#8230; <strong>Boas not\u00edcias: voc\u00ea pode nos comprar um caf\u00e9<\/strong> (ou uma m\u00e1quina de caf\u00e9) para apoiar todo esse trabalho \u00e1rduo.<\/p>\n\n\n\n<div class=\"wp-block-group is-content-justification-center is-layout-flex wp-container-core-group-is-layout-aaa210a4 wp-block-group-is-layout-flex\" style=\"padding-top:var(--wp--preset--spacing--20);padding-bottom:var(--wp--preset--spacing--20)\">\n<figure class=\"wp-block-image is-resized\"><a href=\"https:\/\/www.buymeacoffee.com\/speculoos.world\" target=\"_blank\" rel=\"noreferrer noopener\"><img decoding=\"async\" src=\"https:\/\/cdn.buymeacoffee.com\/buttons\/v2\/default-yellow.png\" alt=\"\" style=\"width:auto;height:50px\"\/><\/a><\/figure>\n\n\n\n<figure class=\"wp-block-image is-resized\"><a href=\"https:\/\/opencollective.com\/speculoosworld\" target=\"_blank\" rel=\"noreferrer noopener\"><img decoding=\"async\" src=\"https:\/\/opencollective.com\/webpack\/donate\/button@2x.png?color=blue\" alt=\"\" style=\"width:310px;height:auto\"\/><\/a><\/figure>\n\n\n\n<figure class=\"wp-block-image is-resized\"><a href=\"https:\/\/magiiic.com\/support\/w4os.org\" target=\"_blank\" rel=\"noreferrer noopener\"><img decoding=\"async\" src=\"https:\/\/speculoos.world\/w\/wp-content\/uploads\/2025\/04\/magiiic-logo-v4-noslash.png\" alt=\"\" class=\"wp-image-15395\" style=\"object-fit:cover;width:187px;height:auto\"\/><\/a><\/figure>\n<\/div>\n<\/div><\/div>\n<\/div>\n\n\n\n<div class=\"wp-block-column has-yellow-background-color has-background is-layout-flow wp-block-column-is-layout-flow\" style=\"padding-top:0px;padding-right:20px;padding-bottom:0px;padding-left:20px\">\n<div class=\"wp-block-query is-layout-flow wp-block-query-is-layout-flow\"><ul class=\"wp-block-post-template is-layout-flow wp-block-post-template-is-layout-flow\"><li class=\"wp-block-post post-5924 post type-post status-publish format-standard has-post-thumbnail hentry category-nao-categorizado tag-ajudantes tag-opensimulador tag-v3-pt-br tag-w4os-pt-br entry\">\n<h2 class=\"wp-block-post-title\"><a href=\"https:\/\/w4os.org\/pt-br\/nao-categorizado\/2025\/06\/alguma-magica-esta-chegando-%e2%9c%a8\/\" target=\"_self\" >Alguma m\u00e1gica est\u00e1 chegando \u2728<\/a><\/h2>\n\n<figure class=\"alignwide wp-block-post-featured-image\"><a href=\"https:\/\/w4os.org\/pt-br\/nao-categorizado\/2025\/06\/alguma-magica-esta-chegando-%e2%9c%a8\/\" target=\"_self\"  ><img loading=\"lazy\" decoding=\"async\" width=\"893\" height=\"668\" src=\"https:\/\/w4os.org\/wp-content\/uploads\/2025\/06\/helpers-v3-wizard-1.png\" class=\"attachment-post-thumbnail size-post-thumbnail wp-post-image\" alt=\"Alguma m\u00e1gica est\u00e1 chegando \u2728\" style=\"width:100%;height:74.8%;max-width:893px;object-fit:cover;\" srcset=\"https:\/\/w4os.org\/wp-content\/uploads\/2025\/06\/helpers-v3-wizard-1.png 893w, https:\/\/w4os.org\/wp-content\/uploads\/2025\/06\/helpers-v3-wizard-1-300x224.png 300w, https:\/\/w4os.org\/wp-content\/uploads\/2025\/06\/helpers-v3-wizard-1-768x574.png 768w\" sizes=\"auto, (max-width: 893px) 100vw, 893px\" \/><\/a><\/figure>\n\n<div class=\"has-text-align-left wp-block-post-excerpt\"><p class=\"wp-block-post-excerpt__excerpt\"> <\/p><\/div>\n\n\n<hr class=\"wp-block-separator has-css-opacity\"\/>\n\n\n<div class=\"wp-block-post-date\"><time datetime=\"2025-06-13T20:38:16-07:00\">junho 13, 2025<\/time><\/div>\n<\/li><\/ul><\/div>\n<\/div>\n<\/div>\n\n<div class=\"wp-block-columns alignwide is-layout-flex wp-container-core-columns-is-layout-9d6595d7 wp-block-columns-is-layout-flex\">\n<div class=\"wp-block-column is-layout-flow wp-block-column-is-layout-flow\">\n<h2 class=\"has-text-align-center wp-block-heading\">Vers\u00e3o est\u00e1vel<\/h2>\n\n\n\n<figure class=\"wp-block-embed is-type-wp-embed is-provider-plugin-directory wp-block-embed-plugin-directory\"><div class=\"wp-block-embed__wrapper\">\n<blockquote class=\"wp-embedded-content\" data-secret=\"5jqn1SfOZw\"><a href=\"https:\/\/wordpress.org\/plugins\/w4os-opensimulator-web-interface\/\">w4os &#8211; OpenSimulator Web Interface<\/a><\/blockquote><iframe loading=\"lazy\" class=\"wp-embedded-content\" sandbox=\"allow-scripts\" security=\"restricted\" style=\"position: absolute; clip: rect(1px, 1px, 1px, 1px);\" title=\"&#8220;w4os &#8211; OpenSimulator Web Interface&#8221; &#8212; Plugin Directory\" src=\"https:\/\/wordpress.org\/plugins\/w4os-opensimulator-web-interface\/embed\/#?secret=WlbUg3HL6n#?secret=5jqn1SfOZw\" data-secret=\"5jqn1SfOZw\" width=\"600\" height=\"338\" frameborder=\"0\" marginwidth=\"0\" marginheight=\"0\" scrolling=\"no\"><\/iframe>\n<\/div><\/figure>\n<\/div>\n\n\n\n<div class=\"wp-block-column is-layout-flow wp-block-column-is-layout-flow\">\n<h2 class=\"has-text-align-center wp-block-heading\">Candidato<\/h2>\n\n\n\n<div class=\"wp-block-buttons is-horizontal is-content-justification-center is-layout-flex wp-container-core-buttons-is-layout-499968f5 wp-block-buttons-is-layout-flex\">\n<div class=\"wp-block-button is-style-outline is-style-outline--1\"><a class=\"wp-block-button__link\" href=\"https:\/\/magiiic.com\/downloads\/w4os.zip\" target=\"_blank\" rel=\"noreferrer noopener\">De Magiiic.com<\/a><\/div>\n<\/div>\n\n\n\n<p>Com as mais recentes melhorias e funcionalidades. Algo pr\u00f3ximo da pr\u00f3xima vers\u00e3o est\u00e1vel, mas pode haver ainda alguns bugs.<\/p>\n<\/div>\n\n\n\n<div class=\"wp-block-column is-layout-flow wp-block-column-is-layout-flow\">\n<h2 class=\"has-text-align-center wp-block-heading\">Desenvolvimento<\/h2>\n\n\n\n<div class=\"wp-block-buttons is-horizontal is-content-justification-center is-layout-flex wp-container-core-buttons-is-layout-499968f5 wp-block-buttons-is-layout-flex\">\n<div class=\"wp-block-button is-style-outline is-style-outline--2\"><a class=\"wp-block-button__link\" href=\"https:\/\/github.com\/GuduleLapointe\/w4os\/\">Do GitHub<\/a><\/div>\n<\/div>\n\n\n\n<p>O desenvolvimento atual, vers\u00e3o inst\u00e1vel. N\u00e3o o utilizo em ambiente de produ\u00e7\u00e3o. Pode conter (e provavelmente cont\u00e9m) erros ou trabalhos em curso.<\/p>\n<\/div>\n<\/div>\n\n<p><\/p>\n","protected":false},"excerpt":{"rendered":"<p>O W4OS \u00e9 um plug-in do WordPress para gerenciamento de grade do OpenSimulator. Permite aos utilizadores registarem-se para obterem um avatar e escolherem uma roupa inicial. Tamb\u00e9m fornece blocos \u00fateis que podem ser apresentados em qualquer p\u00e1gina, barras laterais, cabe\u00e7alhos e rodap\u00e9s (atrav\u00e9s de c\u00f3digos curtos, widgets ou blocos Gutenberg). \u00c9 muito f\u00e1cil de configurar,&hellip; <a class=\"more-link\" href=\"https:\/\/w4os.org\/pt-br\/\">Continuar lendo <span class=\"screen-reader-text\">W4OS<\/span><\/a><\/p>\n","protected":false},"author":1,"featured_media":0,"parent":0,"menu_order":0,"comment_status":"closed","ping_status":"closed","template":"","meta":{"footnotes":""},"class_list":["post-5472","page","type-page","status-publish","hentry","entry"],"_links":{"self":[{"href":"https:\/\/w4os.org\/pt-br\/wp-json\/wp\/v2\/pages\/5472","targetHints":{"allow":["GET"]}}],"collection":[{"href":"https:\/\/w4os.org\/pt-br\/wp-json\/wp\/v2\/pages"}],"about":[{"href":"https:\/\/w4os.org\/pt-br\/wp-json\/wp\/v2\/types\/page"}],"author":[{"embeddable":true,"href":"https:\/\/w4os.org\/pt-br\/wp-json\/wp\/v2\/users\/1"}],"replies":[{"embeddable":true,"href":"https:\/\/w4os.org\/pt-br\/wp-json\/wp\/v2\/comments?post=5472"}],"version-history":[{"count":2,"href":"https:\/\/w4os.org\/pt-br\/wp-json\/wp\/v2\/pages\/5472\/revisions"}],"predecessor-version":[{"id":5870,"href":"https:\/\/w4os.org\/pt-br\/wp-json\/wp\/v2\/pages\/5472\/revisions\/5870"}],"wp:attachment":[{"href":"https:\/\/w4os.org\/pt-br\/wp-json\/wp\/v2\/media?parent=5472"}],"curies":[{"name":"wp","href":"https:\/\/api.w.org\/{rel}","templated":true}]}}