{"id":5473,"date":"2021-11-26T19:23:14","date_gmt":"2021-11-27T03:23:14","guid":{"rendered":"https:\/\/w4os.org\/perfil\/"},"modified":"2021-11-26T19:23:14","modified_gmt":"2021-11-27T03:23:14","slug":"perfil","status":"publish","type":"page","link":"https:\/\/w4os.org\/pt-br\/perfil\/","title":{"rendered":"Perfil"},"content":{"rendered":"<br><br><br><div class='w4os-dev content  page'><div class=\"login w4os-login \"><div>Fa\u00e7a login para criar seu avatar, visualizar seu perfil ou configurar suas op\u00e7\u00f5es.<\/div><form name=\"w4os-loginform\" id=\"w4os-loginform\" action=\"https:\/\/w4os.org\/wp-login.php\" method=\"post\"><p class=\"login-username\">\n\t\t\t\t<label for=\"user_login\">Nome de usu\u00e1rio ou endere\u00e7o de e-mail<\/label>\n\t\t\t\t<input type=\"text\" name=\"log\" id=\"user_login\" autocomplete=\"username\" class=\"input\" value=\"\" size=\"20\" \/>\n\t\t\t<\/p><p class=\"login-password\">\n\t\t\t\t<label for=\"user_pass\">Senha<\/label>\n\t\t\t\t<input type=\"password\" name=\"pwd\" id=\"user_pass\" autocomplete=\"current-password\" spellcheck=\"false\" class=\"input\" value=\"\" size=\"20\" \/>\n\t\t\t<\/p><p class=\"login-remember\"><label><input name=\"rememberme\" type=\"checkbox\" id=\"rememberme\" value=\"forever\" \/> Lembrar-me<\/label><\/p><p class=\"login-submit\">\n\t\t\t\t<input type=\"submit\" name=\"wp-submit\" id=\"wp-submit\" class=\"button button-primary\" value=\"Acessar\" \/>\n\t\t\t\t<input type=\"hidden\" name=\"redirect_to\" value=\"https:\/\/w4os.org\/pt-br\/wp-json\/wp\/v2\/pages\/5473\" \/>\n\t\t\t<\/p><p id=nav><a href=\"https:\/\/w4os.org\/wp-login.php?action=lostpassword\" alt=\"Esqueci minha senha\">Esqueci minha senha<\/a> | <a href=\"https:\/\/w4os.org\/wp-login.php?action=register\" alt=\"Registrar\">Registrar<\/a><\/p><\/form><\/div><\/div>","protected":false},"excerpt":{"rendered":"<p>Fa\u00e7a login para criar seu avatar, visualizar seu perfil ou configurar suas op\u00e7\u00f5es. Nome de usu\u00e1rio ou endere\u00e7o de e-mail Senha Lembrar-me Esqueci minha senha | Registrar<\/p>\n","protected":false},"author":1,"featured_media":0,"parent":0,"menu_order":0,"comment_status":"closed","ping_status":"closed","template":"","meta":{"footnotes":""},"class_list":["post-5473","page","type-page","status-publish","hentry","entry"],"_links":{"self":[{"href":"https:\/\/w4os.org\/pt-br\/wp-json\/wp\/v2\/pages\/5473","targetHints":{"allow":["GET"]}}],"collection":[{"href":"https:\/\/w4os.org\/pt-br\/wp-json\/wp\/v2\/pages"}],"about":[{"href":"https:\/\/w4os.org\/pt-br\/wp-json\/wp\/v2\/types\/page"}],"author":[{"embeddable":true,"href":"https:\/\/w4os.org\/pt-br\/wp-json\/wp\/v2\/users\/1"}],"replies":[{"embeddable":true,"href":"https:\/\/w4os.org\/pt-br\/wp-json\/wp\/v2\/comments?post=5473"}],"version-history":[{"count":0,"href":"https:\/\/w4os.org\/pt-br\/wp-json\/wp\/v2\/pages\/5473\/revisions"}],"wp:attachment":[{"href":"https:\/\/w4os.org\/pt-br\/wp-json\/wp\/v2\/media?parent=5473"}],"curies":[{"name":"wp","href":"https:\/\/api.w.org\/{rel}","templated":true}]}}