{"id":5769,"date":"2024-12-07T10:57:49","date_gmt":"2024-12-07T18:57:49","guid":{"rendered":"https:\/\/w4os.org\/seguranca\/"},"modified":"2024-12-07T11:12:03","modified_gmt":"2024-12-07T19:12:03","slug":"seguranca","status":"publish","type":"page","link":"https:\/\/w4os.org\/pt-br\/seguranca\/","title":{"rendered":"Seguran\u00e7a"},"content":{"rendered":"\n<p>Ao conectar sua grade e seu site com o plug-in w4os, voc\u00ea n\u00e3o adiciona falhas de seguran\u00e7a. Aqui est\u00e3o algumas considera\u00e7\u00f5es importantes para que voc\u00ea possa otimizar a seguran\u00e7a de sua estrutura.<\/p>\n\n<ol class=\"wp-block-list\">\n<li>Certifique-se de <strong>usar sempre a vers\u00e3o mais recente do WordPress<\/strong> e sempre <strong>permitir apenas o protocolo SSL<\/strong> (ambas as regras gerais para qualquer CMS, na verdade).<\/li>\n\n\n\n<li>Certifique-se de <strong>proteger o acesso ao seu banco de dados<\/strong> (uma regra geral tamb\u00e9m), use o firewall e as regras do servidor de banco de dados para permitir o acesso somente do simulador e do site.<\/li>\n\n\n\n<li>O WordPress tem algumas prote\u00e7\u00f5es internas, mas <strong>um plug-in de seguran\u00e7a \u00e9 altamente recomendado<\/strong>, como a vers\u00e3o gratuita do <a href=\"https:\/\/wordpress.org\/plugins\/wordfence\/\">WordFence<\/a>, que adiciona uma excelente camada de prote\u00e7\u00e3o com um firewall e detec\u00e7\u00e3o eficiente de tentativas de invas\u00e3o.<\/li>\n\n\n\n<li>Somente o seu pr\u00f3prio site WordPress tem acesso direto ao banco de dados da grade por meio do plug-in w4os local.\n<ul class=\"wp-block-list\">\n<li>Nossos sites (w4os.org e 2do.directory) n\u00e3o acessam o banco de dados do OpenSimulator nem as portas privadas dos servi\u00e7os do OpenSimulator.<\/li>\n\n\n\n<li>O w4os.org n\u00e3o coleta nenhum tipo de dado<\/li>\n\n\n\n<li>Se voc\u00ea optar pelo mecanismo de busca compartilhada 2do.directory, apenas os dados p\u00fablicos necess\u00e1rios para a busca ser\u00e3o enviados pelo seu servidor, com os recursos padr\u00e3o do OpenSimulator, para o servi\u00e7o de diret\u00f3rio (nome das regi\u00f5es, endere\u00e7o, descri\u00e7\u00e3o, datas e local dos eventos&#8230;).<\/li>\n<\/ul>\n<\/li>\n\n\n\n<li>Os dados de grade e de simulador recebidos ou coletados pelo plug-in passam por filtros para garantir que n\u00e3o contenham instru\u00e7\u00f5es nocivas ocultas que possam comprometer a seguran\u00e7a do site.<\/li>\n<\/ol>\n\n<p><em><strong>Tenha sempre em mente<\/strong>, para ser honesto, que no estado atual do OpenSimulator, sua grade em si \u00e9 o elo mais fraco em um par grade\/site&#8230; A ativa\u00e7\u00e3o do SSL na grade e nos simuladores j\u00e1 melhorar\u00e1 a seguran\u00e7a, mas n\u00e3o a tornar\u00e1 absoluta.<\/em><\/p>\n","protected":false},"excerpt":{"rendered":"<p>Ao conectar sua grade e seu site com o plug-in w4os, voc\u00ea n\u00e3o adiciona falhas de seguran\u00e7a. Aqui est\u00e3o algumas considera\u00e7\u00f5es importantes para que voc\u00ea possa otimizar a seguran\u00e7a de sua estrutura. Tenha sempre em mente, para ser honesto, que no estado atual do OpenSimulator, sua grade em si \u00e9 o elo mais fraco em&hellip; <a class=\"more-link\" href=\"https:\/\/w4os.org\/pt-br\/seguranca\/\">Continuar lendo <span class=\"screen-reader-text\">Seguran\u00e7a<\/span><\/a><\/p>\n","protected":false},"author":869,"featured_media":0,"parent":0,"menu_order":0,"comment_status":"closed","ping_status":"closed","template":"","meta":{"footnotes":""},"class_list":["post-5769","page","type-page","status-publish","hentry","entry"],"_links":{"self":[{"href":"https:\/\/w4os.org\/pt-br\/wp-json\/wp\/v2\/pages\/5769","targetHints":{"allow":["GET"]}}],"collection":[{"href":"https:\/\/w4os.org\/pt-br\/wp-json\/wp\/v2\/pages"}],"about":[{"href":"https:\/\/w4os.org\/pt-br\/wp-json\/wp\/v2\/types\/page"}],"author":[{"embeddable":true,"href":"https:\/\/w4os.org\/pt-br\/wp-json\/wp\/v2\/users\/869"}],"replies":[{"embeddable":true,"href":"https:\/\/w4os.org\/pt-br\/wp-json\/wp\/v2\/comments?post=5769"}],"version-history":[{"count":2,"href":"https:\/\/w4os.org\/pt-br\/wp-json\/wp\/v2\/pages\/5769\/revisions"}],"predecessor-version":[{"id":5779,"href":"https:\/\/w4os.org\/pt-br\/wp-json\/wp\/v2\/pages\/5769\/revisions\/5779"}],"wp:attachment":[{"href":"https:\/\/w4os.org\/pt-br\/wp-json\/wp\/v2\/media?parent=5769"}],"curies":[{"name":"wp","href":"https:\/\/api.w.org\/{rel}","templated":true}]}}